{"id":5130,"date":"2022-10-27T13:23:03","date_gmt":"2022-10-27T13:23:03","guid":{"rendered":"https:\/\/www.marquesdevargas.com\/tienda\/?post_type=product&#038;p=5130"},"modified":"2024-12-02T12:20:22","modified_gmt":"2024-12-02T12:20:22","slug":"conde-de-san-cristobal-oydor","status":"publish","type":"product","link":"https:\/\/www.marquesdevargas.com\/tienda\/producto\/conde-de-san-cristobal-oydor\/","title":{"rendered":"Conde de San Crist\u00f3bal<\/br><b> Oydor<\/b>"},"content":{"rendered":"<div class=\"wpb-content-wrapper\"><p>[vc_row gap=\u00bb10&#8243; content_placement=\u00bbmiddle\u00bb css=\u00bb.vc_custom_1586373791136{margin-top: 0px !important;margin-bottom: 0px !important;padding-top: 0px !important;padding-bottom: 0px !important;}\u00bb][vc_column width=\u00bb2\/12&#8243;][vc_single_image image=\u00bb4005&#8243; img_size=\u00bbmedium\u00bb alignment=\u00bbcenter\u00bb][\/vc_column][vc_column width=\u00bb1\/12&#8243;][\/vc_column][vc_column width=\u00bb9\/12&#8243;][vc_column_text]<\/p>\n<table style=\"border-collapse: collapse; width: 100%; height: 240px;\">\n<tbody>\n<tr style=\"height: 24px;\">\n<td style=\"width: 41.0714%; height: 24px;\"><span style=\"color: #ffffff;\"><em>Tipo de vino:<\/em><\/span><\/td>\n<td style=\"width: 58.9286%; height: 24px;\"><span style=\"color: #ffffff;\">Tinto<\/span><\/td>\n<\/tr>\n<tr style=\"height: 24px;\">\n<td style=\"width: 41.0714%; height: 24px;\"><span style=\"color: #ffffff;\"><em>Crianza:<\/em><\/span><\/td>\n<td style=\"width: 58.9286%; height: 24px;\"><span style=\"color: #ffffff;\">18- 20 meses en barrica de roble franc\u00e9s<\/span><\/td>\n<\/tr>\n<tr style=\"height: 24px;\">\n<td style=\"width: 41.0714%; height: 24px;\"><span style=\"color: #ffffff;\"><em>Denominaci\u00f3n de origen:<\/em><\/span><\/td>\n<td style=\"width: 58.9286%; height: 24px;\"><span style=\"color: #ffffff;\">DO. Ribera del Duero<\/span><\/td>\n<\/tr>\n<tr style=\"height: 24px;\">\n<td style=\"width: 41.0714%; height: 24px;\"><span style=\"color: #ffffff;\"><em>Cosecha:<\/em><\/span><\/td>\n<td style=\"width: 58.9286%; height: 24px;\"><span style=\"color: #ffffff;\">2018<\/span><\/td>\n<\/tr>\n<tr style=\"height: 24px;\">\n<td style=\"width: 41.0714%; height: 24px;\"><span style=\"color: #ffffff;\"><em>Alcohol:<\/em><\/span><\/td>\n<td style=\"width: 58.9286%; height: 24px;\"><span style=\"color: #ffffff;\">14,5%<\/span><\/td>\n<\/tr>\n<tr style=\"height: 24px;\">\n<td style=\"width: 41.0714%; height: 24px;\"><span style=\"color: #ffffff;\"><em>Variedad de Uva:<\/em><\/span><\/td>\n<td style=\"width: 58.9286%; height: 24px;\"><span style=\"color: #ffffff;\">100% Tinto Fina<\/span><\/td>\n<\/tr>\n<tr style=\"height: 48px;\">\n<td style=\"width: 41.0714%; height: 48px;\"><span style=\"color: #ffffff;\"><em>Maridaje:<\/em><\/span><\/td>\n<td style=\"width: 58.9286%; height: 48px;\"><span style=\"color: #ffffff;\">Carnes rojas a la parrilla, jam\u00f3n de bellota y quesos de oveja, entre otros.<\/span><\/td>\n<\/tr>\n<tr style=\"height: 24px;\">\n<td style=\"width: 41.0714%; height: 24px;\"><span style=\"color: #ffffff;\"><em>Temperatura de consumo:<\/em><\/span><\/td>\n<td style=\"width: 58.9286%; height: 24px;\"><span style=\"color: #ffffff;\">17-18\u00baC. Recomendamos su decantaci\u00f3n antes de servir.<\/span><\/td>\n<\/tr>\n<tr style=\"height: 48px;\">\n<td style=\"width: 41.0714%; height: 48px;\"><span style=\"color: #ffffff;\"><em>Al\u00e9rgenos:<\/em><\/span><\/td>\n<td style=\"width: 58.9286%; height: 48px;\"><span style=\"color: #ffffff;\">Contiene <strong>sulfitos<\/strong>.<\/span><\/td>\n<\/tr>\n<tr>\n<td style=\"width: 41.0714%;\"><span style=\"color: #000000;\"><em>\u00a0<\/em><\/span><\/td>\n<td style=\"width: 58.9286%;\"><span style=\"color: #000000;\">\u00a0<\/span><\/td>\n<\/tr>\n<\/tbody>\n<\/table>\n<p>[\/vc_column_text][\/vc_column][\/vc_row]<\/p>\n<\/div>","protected":false},"excerpt":{"rendered":"<h1><span class=\"nombre_vino\">Conde de San Crist\u00f3bal<\/span><span class=\"clase_vino\" style=\"color: #fdba4c;\"> OYDOR<\/span><\/h1>\n<p>&nbsp;<\/p>\n<p class=\"descripcion\"><em>Con una producci\u00f3n muy limitada de 900 botellas, este gran vino es un homenaje al primer Conde de San Crist\u00f3bal, quien fuera OYDOR de la Real Chanciller\u00eda de Valladolid y Caballero de Carlos III.<br \/>\nElaborado con uvas de antiqu\u00edsimas vi\u00f1as de Tinta Fina de la zona de Quintana del Pidio, en la parte m\u00e1s alta y fr\u00eda de la D.O. Ribera del Duero, siendo la m\u00e1s antigua de ellas PREFILOX\u00c9RICA, ya que fue plantada en pie franco en 1861.<br \/>\nUn vino exclusivo, muy limitado, elegante, profundo y de perfecta armon\u00eda, con la capacidad de guarda de los Grandes Vinos y con el car\u00e1cter del OYDOR que le cede el nombre y a quien rinde homenaje.<\/em><\/p>\n<p><span style=\"font-size:14px;\">* Dada su exclusividad, su venta queda limitada a una unidad por pedido.<\/span><\/p>\n<h2><span class=\"precio_vino\">320,00 \u20ac <\/span><span class=\"iva_vino\"> IVA incluido<\/span><\/h2>\n","protected":false},"featured_media":5133,"template":"","meta":{"inline_featured_image":false},"product_brand":[],"product_cat":[73,76],"product_tag":[386,380,374,376],"class_list":{"0":"post-5130","1":"product","2":"type-product","3":"status-publish","4":"has-post-thumbnail","6":"product_cat-conde-de-san-cristobal","7":"product_cat-vinos","8":"product_tag-conde-de-san-cristobal","9":"product_tag-d-o-ribera-del-duero","10":"product_tag-reserva","11":"product_tag-tinto","13":"first","14":"instock","15":"sold-individually","16":"taxable","17":"shipping-taxable","18":"purchasable","19":"product-type-simple"},"_links":{"self":[{"href":"https:\/\/www.marquesdevargas.com\/tienda\/wp-json\/wp\/v2\/product\/5130","targetHints":{"allow":["GET"]}}],"collection":[{"href":"https:\/\/www.marquesdevargas.com\/tienda\/wp-json\/wp\/v2\/product"}],"about":[{"href":"https:\/\/www.marquesdevargas.com\/tienda\/wp-json\/wp\/v2\/types\/product"}],"wp:featuredmedia":[{"embeddable":true,"href":"https:\/\/www.marquesdevargas.com\/tienda\/wp-json\/wp\/v2\/media\/5133"}],"wp:attachment":[{"href":"https:\/\/www.marquesdevargas.com\/tienda\/wp-json\/wp\/v2\/media?parent=5130"}],"wp:term":[{"taxonomy":"product_brand","embeddable":true,"href":"https:\/\/www.marquesdevargas.com\/tienda\/wp-json\/wp\/v2\/product_brand?post=5130"},{"taxonomy":"product_cat","embeddable":true,"href":"https:\/\/www.marquesdevargas.com\/tienda\/wp-json\/wp\/v2\/product_cat?post=5130"},{"taxonomy":"product_tag","embeddable":true,"href":"https:\/\/www.marquesdevargas.com\/tienda\/wp-json\/wp\/v2\/product_tag?post=5130"}],"curies":[{"name":"wp","href":"https:\/\/api.w.org\/{rel}","templated":true}]}}