{"id":4688,"date":"2020-06-29T07:40:23","date_gmt":"2020-06-29T07:40:23","guid":{"rendered":"https:\/\/www.marquesdevargas.com\/tienda\/?post_type=product&#038;p=4688"},"modified":"2025-09-19T11:24:50","modified_gmt":"2025-09-19T11:24:50","slug":"marques-de-vargas-aceite-de-oliva-virgen-extra","status":"publish","type":"product","link":"https:\/\/www.marquesdevargas.com\/tienda\/producto\/marques-de-vargas-aceite-de-oliva-virgen-extra\/","title":{"rendered":"Marqu\u00e9s de Vargas<\/br><b> Aceite de oliva virgen extra<\/b> 500ml"},"content":{"rendered":"<div class=\"wpb-content-wrapper\"><p>[vc_row gap=\u00bb10&#8243; content_placement=\u00bbmiddle\u00bb css=\u00bb.vc_custom_1586372116801{margin-top: 0px !important;margin-bottom: 0px !important;padding-top: 0px !important;padding-bottom: 0px !important;}\u00bb][vc_column width=\u00bb2\/12&#8243;][vc_single_image image=\u00bb4007&#8243; img_size=\u00bbmedium\u00bb alignment=\u00bbcenter\u00bb][\/vc_column][vc_column width=\u00bb1\/12&#8243;][\/vc_column][vc_column width=\u00bb9\/12&#8243;][vc_column_text css=\u00bb.vc_custom_1688717021557{padding-right: 20px !important;padding-left: 20px !important;}\u00bb]<\/p>\n<table style=\"border-collapse: collapse; width: 100%; height: auto;\">\n<tbody>\n<tr style=\"height: 24px;\">\n<td style=\"width: 41.0714%; height: 24px;\"><em><span style=\"color: #ffffff;\">Denominaci\u00f3n de origen:<\/span><\/em><\/td>\n<td style=\"width: 58.9286%; height: 24px;\"><span style=\"color: #ffffff;\">DO. Rioja<\/span><\/td>\n<\/tr>\n<tr style=\"height: 24px;\">\n<td style=\"width: 41.0714%; height: 24px;\"><em><span style=\"color: #ffffff;\">Variedades:<\/span><\/em><\/td>\n<td style=\"width: 58.9286%; height: 24px;\"><span style=\"color: #ffffff;\">40% Royuela 60% Arbequina<\/span><\/td>\n<\/tr>\n<tr style=\"height: 24px;\">\n<td style=\"width: 41.0714%; height: 24px;\"><em><span style=\"color: #ffffff;\">Recolecci\u00f3n de la oliva:<\/span><\/em><\/td>\n<td style=\"width: 58.9286%; height: 24px;\"><span style=\"color: #ffffff;\">Noviembre de 2021 <\/span><\/td>\n<\/tr>\n<tr style=\"height: 24px;\">\n<td style=\"width: 41.0714%; height: 24px;\"><em><span style=\"color: #ffffff;\">ACEITE de cultivo ECOL\u00d3GICO:<\/span><\/em><\/td>\n<td style=\"width: 58.9286%; height: 24px;\"><span style=\"color: #ffffff;\">Agricultura ecol\u00f3gica, sin fertilizantes qu\u00edmicos, ni herbicidas ni pesticidas.<\/span><\/td>\n<\/tr>\n<\/tbody>\n<\/table>\n<p>[\/vc_column_text][\/vc_column][\/vc_row]<\/p>\n<\/div>","protected":false},"excerpt":{"rendered":"<h1><span class=\"nombre_vino\">Marqu\u00e9s de Vargas<\/span><span class=\"clase_vino\" style=\"color: #1c3649;\"> Aceite de oliva Virgen Extra<\/span><\/h1>\n<p>&nbsp;<\/p>\n<p class=\"descripcion\"><em>Aceite de color verde-amarillento, frutado, con un buen equilibrio entre las notas herb\u00e1ceas y frutales. Aroma a fruta verde e intensa. Entrada herb\u00e1cea donde predomina la hierba reci\u00e9n cortada con toques de tomate e higuera. Muy equilibrado, dulce a la entrada y con picante y amargo equilibrados. Muy agradable. Persistente en el paladar.<\/em><\/p>\n<h2><span class=\"precio_vino\">16,90 \u20ac | 101,40 \u20ac<\/span><span class=\"iva_vino\"> IVA incluido<\/span><\/h2>\n","protected":false},"featured_media":4772,"template":"","meta":{"inline_featured_image":false},"product_brand":[],"product_cat":[71,76],"product_tag":[375,373,374,376],"class_list":{"0":"post-4688","1":"product","2":"type-product","3":"status-publish","4":"has-post-thumbnail","6":"product_cat-marques-de-vargas","7":"product_cat-vinos","8":"product_tag-d-o-rioja","9":"product_tag-marques-de-vargas","10":"product_tag-reserva","11":"product_tag-tinto","12":"product_shipping_class-packlink","14":"first","15":"instock","16":"taxable","17":"shipping-taxable","18":"purchasable","19":"product-type-variable"},"_links":{"self":[{"href":"https:\/\/www.marquesdevargas.com\/tienda\/wp-json\/wp\/v2\/product\/4688","targetHints":{"allow":["GET"]}}],"collection":[{"href":"https:\/\/www.marquesdevargas.com\/tienda\/wp-json\/wp\/v2\/product"}],"about":[{"href":"https:\/\/www.marquesdevargas.com\/tienda\/wp-json\/wp\/v2\/types\/product"}],"wp:featuredmedia":[{"embeddable":true,"href":"https:\/\/www.marquesdevargas.com\/tienda\/wp-json\/wp\/v2\/media\/4772"}],"wp:attachment":[{"href":"https:\/\/www.marquesdevargas.com\/tienda\/wp-json\/wp\/v2\/media?parent=4688"}],"wp:term":[{"taxonomy":"product_brand","embeddable":true,"href":"https:\/\/www.marquesdevargas.com\/tienda\/wp-json\/wp\/v2\/product_brand?post=4688"},{"taxonomy":"product_cat","embeddable":true,"href":"https:\/\/www.marquesdevargas.com\/tienda\/wp-json\/wp\/v2\/product_cat?post=4688"},{"taxonomy":"product_tag","embeddable":true,"href":"https:\/\/www.marquesdevargas.com\/tienda\/wp-json\/wp\/v2\/product_tag?post=4688"}],"curies":[{"name":"wp","href":"https:\/\/api.w.org\/{rel}","templated":true}]}}