{"id":2981,"date":"2020-03-29T09:00:41","date_gmt":"2020-03-29T09:00:41","guid":{"rendered":"https:\/\/www.marquesdevargas.com\/tienda\/?post_type=product&#038;p=2981"},"modified":"2025-09-19T11:32:25","modified_gmt":"2025-09-19T11:32:25","slug":"marques-de-vargas-reserva","status":"publish","type":"product","link":"https:\/\/www.marquesdevargas.com\/tienda\/producto\/marques-de-vargas-reserva\/","title":{"rendered":"Marqu\u00e9s de Vargas<\/br><b> Reserva<\/b>"},"content":{"rendered":"<div class=\"wpb-content-wrapper\"><p>[vc_row gap=\u00bb10&#8243; content_placement=\u00bbmiddle\u00bb css=\u00bb.vc_custom_1586372116801{margin-top: 0px !important;margin-bottom: 0px !important;padding-top: 0px !important;padding-bottom: 0px !important;}\u00bb][vc_column width=\u00bb2\/12&#8243;][vc_single_image image=\u00bb4007&#8243; img_size=\u00bbmedium\u00bb alignment=\u00bbcenter\u00bb][\/vc_column][vc_column width=\u00bb1\/12&#8243;][\/vc_column][vc_column width=\u00bb9\/12&#8243;][vc_column_text css=\u00bb.vc_custom_1758281524865{padding-right: 20px !important;padding-left: 20px !important;}\u00bb]<\/p>\n<table style=\"border-collapse: collapse; width: 100%; height: auto;\">\n<tbody>\n<tr style=\"height: 24px;\">\n<td style=\"width: 41.0714%; height: 24px;\"><em><span style=\"color: #ffffff;\">Tipo de vino:<\/span><\/em><\/td>\n<td style=\"width: 58.9286%; height: 24px;\"><span style=\"color: #ffffff;\">Tinto<\/span><\/td>\n<\/tr>\n<tr style=\"height: 24px;\">\n<td style=\"width: 41.0714%; height: 24px;\"><em><span style=\"color: #ffffff;\">Categor\u00eda:<\/span><\/em><\/td>\n<td style=\"width: 58.9286%; height: 24px;\"><span style=\"color: #ffffff;\">Reserva<\/span><\/td>\n<\/tr>\n<tr style=\"height: 24px;\">\n<td style=\"width: 41.0714%; height: 24px;\"><em><span style=\"color: #ffffff;\">Denominaci\u00f3n de origen:<\/span><\/em><\/td>\n<td style=\"width: 58.9286%; height: 24px;\"><span style=\"color: #ffffff;\">DO.Ca. Rioja<\/span><\/td>\n<\/tr>\n<tr style=\"height: 24px;\">\n<td style=\"width: 41.0714%; height: 24px;\"><em><span style=\"color: #ffffff;\">Cosecha:<\/span><\/em><\/td>\n<td style=\"width: 58.9286%; height: 24px;\"><span style=\"color: #ffffff;\">2020<\/span><\/td>\n<\/tr>\n<tr style=\"height: 24px;\">\n<td style=\"width: 41.0714%; height: 24px;\"><em><span style=\"color: #ffffff;\">Alcohol:<\/span><\/em><\/td>\n<td style=\"width: 58.9286%; height: 24px;\"><span style=\"color: #ffffff;\">14%<\/span><\/td>\n<\/tr>\n<tr style=\"height: 24px;\">\n<td style=\"width: 41.0714%; height: 24px;\"><em><span style=\"color: #ffffff;\">Variedad de Uva:<\/span><\/em><\/td>\n<td style=\"width: 58.9286%; height: 24px;\"><span style=\"color: #ffffff;\">74% Tempranillo, 9% Mazuelo y 17% Garnacha<\/span><\/td>\n<\/tr>\n<tr style=\"height: 48px;\">\n<td style=\"width: 41.0714%; height: 48px;\"><em><span style=\"color: #ffffff;\">Maridaje:<\/span><\/em><\/td>\n<td style=\"width: 58.9286%; height: 48px;\"><span style=\"color: #ffffff;\">Carnes rojas a la parrilla, jam\u00f3n de bellota y quesos de oveja, entre otros.<\/span><\/td>\n<\/tr>\n<tr style=\"height: 24px;\">\n<td style=\"width: 41.0714%; height: 24px;\"><em><span style=\"color: #ffffff;\">Temperatura de consumo:<\/span><\/em><\/td>\n<td style=\"width: 58.9286%; height: 24px;\"><span style=\"color: #ffffff;\">17-18\u00baC. Recomendamos su decantaci\u00f3n antes de servir.<\/span><\/td>\n<\/tr>\n<tr style=\"height: 48px;\">\n<td style=\"width: 41.0714%; height: 48px;\"><em><span style=\"color: #ffffff;\">Al\u00e9rgenos:<\/span><\/em><\/td>\n<td style=\"width: 58.9286%; height: 48px;\"><span style=\"color: #ffffff;\">Contiene <strong>sulfitos<\/strong>.<\/span><\/td>\n<\/tr>\n<\/tbody>\n<\/table>\n<p>[\/vc_column_text][\/vc_column][\/vc_row]<\/p>\n<\/div>","protected":false},"excerpt":{"rendered":"<h1><span class=\"nombre_vino\">Marqu\u00e9s de Vargas<\/span><span class=\"clase_vino\" style=\"color: #1c3649;\"> Reserva<\/span><\/h1>\n<p>&nbsp;<\/p>\n<p class=\"descripcion\"><em>Crianza de 21 meses en barricas de roble franc\u00e9s de un m\u00e1ximo de 4 a\u00f1os.<\/em><\/p>\n<p class=\"descripcion\"><em>Este vino representa fielmente el car\u00e1cter fino y elegante de todos nuestros vi\u00f1edos. De color cereza picota, se muestra limpio y brillante en copa. En nariz, destaca por su frescura y su perfil frutal, acompa\u00f1ado de sutiles notas especiadas y una madera perfectamente integrada. En boca es expresivo, fresco y afrutado, con taninos suaves y afinados. Su final es largo y fresco, lo que revela su excelente potencial de guarda.<\/em><\/p>\n<h2><span class=\"precio_vino\">28,80 \u20ac | 172,80 \u20ac<\/span><span class=\"iva_vino\"> IVA incluido<\/span><\/h2>\n","protected":false},"featured_media":3599,"template":"","meta":{"inline_featured_image":false},"product_brand":[],"product_cat":[71,76],"product_tag":[375,373,374,376],"class_list":{"0":"post-2981","1":"product","2":"type-product","3":"status-publish","4":"has-post-thumbnail","6":"product_cat-marques-de-vargas","7":"product_cat-vinos","8":"product_tag-d-o-rioja","9":"product_tag-marques-de-vargas","10":"product_tag-reserva","11":"product_tag-tinto","12":"product_shipping_class-packlink","14":"first","15":"instock","16":"taxable","17":"shipping-taxable","18":"purchasable","19":"product-type-variable"},"_links":{"self":[{"href":"https:\/\/www.marquesdevargas.com\/tienda\/wp-json\/wp\/v2\/product\/2981","targetHints":{"allow":["GET"]}}],"collection":[{"href":"https:\/\/www.marquesdevargas.com\/tienda\/wp-json\/wp\/v2\/product"}],"about":[{"href":"https:\/\/www.marquesdevargas.com\/tienda\/wp-json\/wp\/v2\/types\/product"}],"wp:featuredmedia":[{"embeddable":true,"href":"https:\/\/www.marquesdevargas.com\/tienda\/wp-json\/wp\/v2\/media\/3599"}],"wp:attachment":[{"href":"https:\/\/www.marquesdevargas.com\/tienda\/wp-json\/wp\/v2\/media?parent=2981"}],"wp:term":[{"taxonomy":"product_brand","embeddable":true,"href":"https:\/\/www.marquesdevargas.com\/tienda\/wp-json\/wp\/v2\/product_brand?post=2981"},{"taxonomy":"product_cat","embeddable":true,"href":"https:\/\/www.marquesdevargas.com\/tienda\/wp-json\/wp\/v2\/product_cat?post=2981"},{"taxonomy":"product_tag","embeddable":true,"href":"https:\/\/www.marquesdevargas.com\/tienda\/wp-json\/wp\/v2\/product_tag?post=2981"}],"curies":[{"name":"wp","href":"https:\/\/api.w.org\/{rel}","templated":true}]}}