{"id":4241,"date":"2020-04-22T15:14:55","date_gmt":"2020-04-22T15:14:55","guid":{"rendered":"https:\/\/www.marquesdevargas.com\/tienda\/?page_id=4241"},"modified":"2020-05-07T08:21:38","modified_gmt":"2020-05-07T08:21:38","slug":"condiciones-de-compra","status":"publish","type":"page","link":"https:\/\/www.marquesdevargas.com\/tienda\/condiciones-de-compra\/","title":{"rendered":"Condiciones de compra"},"content":{"rendered":"<div class=\"wpb-content-wrapper\"><p>[vc_row type=\u00bbboxed\u00bb background_style=\u00bbnormal\u00bb css=\u00bb.vc_custom_1587568023240{padding-top: 75px !important;padding-right: 50px !important;padding-bottom: 150px !important;padding-left: 50px !important;}\u00bb el_class=\u00bbdescripcion\u00bb][vc_column][vc_single_image image=\u00bb4248&#8243; img_size=\u00bbfull\u00bb alignment=\u00bbcenter\u00bb css=\u00bb.vc_custom_1587570569786{padding-bottom: 30px !important;}\u00bb][vc_column_text css=\u00bb.vc_custom_1587569053262{padding-bottom: 30px !important;}\u00bb]Para realizar compras a trav\u00e9s de la tienda online de GRUPO VIN\u00cdCOLA MARQU\u00c9S DE VARGAS, S.L. aparecer\u00e1n, en cada pantalla, los pasos que tendr\u00e1 que dar para realizar correctamente la operaci\u00f3n de compra on-line. Las pantallas para realizar la compra est\u00e1n, por defecto, en espa\u00f1ol.<\/p>\n<p>Podr\u00e1 acceder a la compra de productos tanto como usuario registrado como usuario no registrado. En este \u00faltimo caso, le ser\u00e1n solicitados los datos personales imprescindibles para poder efectuar correctamente la operaci\u00f3n de compra. El tratamiento de dichos datos personales se regir\u00e1 por la pol\u00edtica de privacidad de GRUPO VIN\u00cdCOLA MARQU\u00c9S DE VARGAS, S.L.<\/p>\n<p><strong>De conformidad con lo establecido en legislaci\u00f3n vigente, est\u00e1 prohibida la venta o servicio de bebidas alcoh\u00f3licas a menores a trav\u00e9s de esta web.<\/strong>[\/vc_column_text][vc_column_text]<\/p>\n<h2><strong>Precio, impuestos y gastos de env\u00edo.<\/strong><\/h2>\n<p>&nbsp;<\/p>\n<p>Los precios de los productos, impuestos y gastos de env\u00edo le ser\u00e1n especificados antes de realizar la compra y, en todo caso, en el momento de la selecci\u00f3n del producto.<\/p>\n<p>Las ofertas s\u00f3lo ser\u00e1n v\u00e1lidas para aquellos pa\u00edses en los que Marqu\u00e9s de Vargas puede realizar el env\u00edo.<\/p>\n<p>GRUPO VIN\u00cdCOLA MARQU\u00c9S DE VARGAS, S.L. se compromete a mantener los precios de los art\u00edculos que aparecen en pantalla en el momento de efectuar la compra.[\/vc_column_text][vc_column_text css=\u00bb.vc_custom_1588839694763{padding-bottom: 30px !important;}\u00bb]<\/p>\n<h2><strong>Forma de pago. <\/strong><\/h2>\n<p>&nbsp;<\/p>\n<p>Los pagos se podr\u00e1n realizar mediante tarjeta de cr\u00e9dito o d\u00e9bito a trav\u00e9s del Terminal de Pago Seguro de Caja Rural\/Redsys o mediante el sistema PayPal.<\/p>\n<p><img loading=\"lazy\" decoding=\"async\" class=\"alignnone size-medium wp-image-4573\" src=\"https:\/\/www.marquesdevargas.com\/tienda\/wp-content\/uploads\/2020\/05\/pago_seguro_ssl-300x85.png\" alt=\"\" width=\"300\" height=\"85\" srcset=\"https:\/\/www.marquesdevargas.com\/tienda\/wp-content\/uploads\/2020\/05\/pago_seguro_ssl-300x85.png 300w, https:\/\/www.marquesdevargas.com\/tienda\/wp-content\/uploads\/2020\/05\/pago_seguro_ssl-350x99.png 350w, https:\/\/www.marquesdevargas.com\/tienda\/wp-content\/uploads\/2020\/05\/pago_seguro_ssl.png 400w\" sizes=\"auto, (max-width: 300px) 100vw, 300px\" \/>[\/vc_column_text][vc_column_text css=\u00bb.vc_custom_1587971499203{padding-bottom: 20px !important;padding-left: 20px !important;}\u00bb]<\/p>\n<h3><strong>Pago con tarjeta bancaria.<\/strong><\/h3>\n<p>El Terminal de Pago Virtual (TPV) de Caja Rural\/Redsys admite el pago con tarjeta de cr\u00e9dito. Para realizar los pagos con tarjeta es necesario indicar: n\u00famero, fecha de caducidad, nombre y apellidos del titular (tal y como figuran en la tarjeta) y c\u00f3digo CVV de la tarjeta.<\/p>\n<p>El cargo por el importe del pedido en la tarjeta bancaria del cliente se efectuar\u00e1 en el momento de la compra. Para mejorar la protecci\u00f3n contra posibles fraudes, el cliente deber\u00e1 facilitar de nuevo los datos de su tarjeta en cada compra, ya que GRUPO VIN\u00cdCOLA MARQU\u00c9S DE VARGAS, S.L. no tiene acceso ni almacena los datos bancarios de sus clientes.[\/vc_column_text][vc_column_text css=\u00bb.vc_custom_1587569123487{padding-bottom: 30px !important;padding-left: 20px !important;}\u00bb]<\/p>\n<h3><strong>Pago con Paypal<\/strong><\/h3>\n<p>El cargo por el importe del pedido en la cuenta de PayPal del cliente se efectuar\u00e1 en el momento de la compra. Para mejorar la protecci\u00f3n contra posibles fraudes, el cliente deber\u00e1 facilitar de nuevo los datos de su cuenta en cada compra, ya que GRUPO VIN\u00cdCOLA MARQU\u00c9S DE VARGAS, S.L. no tiene acceso ni almacena los datos de pago de sus clientes.[\/vc_column_text][vc_column_text css=\u00bb.vc_custom_1587569219028{padding-bottom: 30px !important;}\u00bb]<\/p>\n<h2><strong>Custodia de los datos. Prueba de la compra. <\/strong><\/h2>\n<p>&nbsp;<\/p>\n<p>Toda la informaci\u00f3n que nos suministre durante la operaci\u00f3n de compra ser\u00e1 almacenada durante un per\u00edodo m\u00ednimo de un a\u00f1o, pudiendo acceder a dicha informaci\u00f3n mediante la correspondiente solicitud motivada dirigida a la direcci\u00f3n de correo electr\u00f3nico a info@marquesdevargas.com.<\/p>\n<p>Una vez env\u00ede sus datos, recibir\u00e1 una confirmaci\u00f3n de su compra que podr\u00e1 imprimir y que ser\u00e1 prueba de la compra realizada sin perjuicio de que el pago se produzca de forma efectiva.[\/vc_column_text][vc_column_text css=\u00bb.vc_custom_1587569211362{padding-bottom: 30px !important;}\u00bb]<\/p>\n<h2><strong>Plazo de entrega y lugar de la compra. <\/strong><\/h2>\n<p>&nbsp;<\/p>\n<p>GRUPO VIN\u00cdCOLA MARQU\u00c9S DE VARGAS, S.L., a trav\u00e9s de marquesdevargas.com\/tienda\/, sirve \u00fanicamente en Espa\u00f1a, tanto en Pen\u00ednsula como Islas Baleares.<\/p>\n<p>La entrega de los pedidos se realizar\u00e1 en la direcci\u00f3n indicada por el cliente en el momento de formalizar el pedido, en un plazo de 48 a 72 horas laborables (excluidos s\u00e1bados, domingos y festivos), aunque puede sufrir variaciones en funci\u00f3n de la disponibilidad de los productos o de las dificultades que presente la direcci\u00f3n de entrega.<\/p>\n<p>Para cualquier reclamaci\u00f3n despu\u00e9s de la entrega, puede ponerse en contacto con GRUPO VIN\u00cdCOLA MARQU\u00c9S DE VARGAS, S.L., a trav\u00e9s del correo electr\u00f3nico info@marquesdevargas.com.<\/p>\n<p>En defecto de lo anterior, el pedido ser\u00e1 entregado a la persona, mayor de edad, que al momento de la entrega se encuentre en el domicilio indicado. El cliente autoriza expresamente a GRUPO VIN\u00cdCOLA MARQU\u00c9S DE VARGAS, S.L. a realizar la entrega del pedido a su favor. El receptor del pedido deber\u00e1 firmar el albar\u00e1n de entrega correspondiente, consignando su nombre y DNI o similar, lo que implica su conformidad con los productos recibidos, tanto en cuanto a cantidad como a calidad y estado en que se encuentran. A tal efecto, el receptor podr\u00e1 revisar el pedido al momento de su recepci\u00f3n, a fin de mostrar su conformidad con el mismo. En caso de que no est\u00e9 completo, deber\u00e1 hacerlo constar expresamente en el albar\u00e1n de entrega correspondiente.[\/vc_column_text][vc_column_text css=\u00bb.vc_custom_1587569205376{padding-bottom: 30px !important;}\u00bb]<\/p>\n<h2><strong>Derechos del comprador y pol\u00edtica de devoluciones.<\/strong><\/h2>\n<p>&nbsp;<\/p>\n<p>GRUPO VIN\u00cdCOLA MARQU\u00c9S DE VARGAS, S.L. garantiza a sus clientes la posibilidad de anular su pedido, en cualquier momento y sin ning\u00fan coste, siempre que la anulaci\u00f3n se comunique antes de que el pedido haya sido puesto a disposici\u00f3n del transportista para su env\u00edo.<\/p>\n<p>El Cliente dispondr\u00e1 de un plazo m\u00e1ximo de 14 d\u00edas naturales desde la entrega del producto para desistir, total o parcialmente, de la compra del producto, de conformidad con la legislaci\u00f3n aplicable, de conformidad con el art\u00edculo 102. 1 del Real Decreto Legislativo 1\/2007, de 16 de noviembre, por el que se aprueba el texto refundido de la Ley General para la Defensa de los Consumidores y Usuarios y otras leyes complementarias. No es aplicable el derecho de desistimiento sobre las botellas que hayan sido abiertas, ni tampoco, en caso de servirse el producto en cajas de madera, a las cajas que haya sido abiertas o desprecintadas, con rotura de la caja. Tampoco puede ejercitarse el derecho de desistimiento en caso de productos personalizados.<\/p>\n<p>Una vez finalizado el plazo, GRUPO VIN\u00cdCOLA MARQU\u00c9S DE VARGAS, S.L. no aceptar\u00e1 devoluciones por desistimiento de compras de productos.<br \/>\nEn el supuesto de desistir de la compra de un producto, el Cliente deber\u00e1 ponerse en contacto con GRUPO VIN\u00cdCOLA MARQU\u00c9S DE VARGAS, S.L. mediante el env\u00edo de un correo electr\u00f3nico a info@marquesdevargas.com o a trav\u00e9s del n\u00famero de fax 941 238 696 o mediante correo postal a su domicilio social sito en Logro\u00f1o (La Rioja) (26006), Carretera de Zaragoza, Km.6 26006.<\/p>\n<p>En todo caso, en el supuesto de desistir de la compra, deber\u00e1n cumplirse los siguientes requisitos:<\/p>\n<p>El producto debe estar en el mismo estado en que se entreg\u00f3 y deber\u00e1 conservar su embalaje y etiquetado original.<\/p>\n<p>La devoluci\u00f3n a GRUPO VIN\u00cdCOLA MARQU\u00c9S DE VARGAS, S.L. debe hacerse usando la misma caja utilizada en la entrega o, en su defecto, en alg\u00fan formato similar que garantice la devoluci\u00f3n de los productos en perfecto estado (salvo el caso de \u201cConde de San Crist\u00f3bal Reserva\u201d en caja de madera, que s\u00f3lo pueden devolverse en la misma caja de madera y sin abrir).<\/p>\n<p>Para ejercer su derecho, no basta con la remisi\u00f3n f\u00edsica del producto, sino que debe comunicarnos que ejercita ese derecho a desistir a trav\u00e9s del formulario Anexo \u201cDocumento de desistimiento\u201d, o bien, a trav\u00e9s de una comunicaci\u00f3n de contenido similar, aunque no se corresponda exactamente con el modelo de formulario.<\/p>\n<p>En caso de desistimiento, el reembolso incluir\u00e1 todos los gastos de env\u00edo que haya abonado el cliente al hacer la compra. No obstante, GRUPO VIN\u00cdCOLA MARQU\u00c9S DE VARGAS, S.L. podr\u00e1 cobrar los gastos de env\u00edo adicionales, en caso de una modalidad de env\u00edo no habitual o entrega urgente.<\/p>\n<p>En todo caso, ser\u00e1 el cliente, en caso de desistimiento, quien pague los gastos de devoluci\u00f3n de los productos a GRUPO VIN\u00cdCOLA MARQU\u00c9S DE VARGAS, S.L.[\/vc_column_text][vc_column_text css=\u00bb.vc_custom_1587569228591{padding-bottom: 30px !important;}\u00bb]<\/p>\n<h2><strong>Obligaciones del cliente.<\/strong><\/h2>\n<p>&nbsp;<\/p>\n<p>El cliente se compromete a posibilitar la entrega del pedido solicitado, facilitando una direcci\u00f3n de entrega v\u00e1lida y que permita su recepci\u00f3n en horario habitual de entrega. En caso de incumplimiento por parte del cliente de esta obligaci\u00f3n, GRUPO VIN\u00cdCOLA MARQU\u00c9S DE VARGAS, S.L. no tendr\u00e1 ninguna responsabilidad sobre el retraso o imposibilidad de entrega del pedido solicitado por el cliente.[\/vc_column_text][vc_column_text css=\u00bb.vc_custom_1587569233573{padding-bottom: 30px !important;}\u00bb]<\/p>\n<h2><strong>Legislaci\u00f3n aplicable.<\/strong><\/h2>\n<p>&nbsp;<\/p>\n<p>Las presentes Condiciones se regir\u00e1n en todo momento por lo dispuesto en la legislaci\u00f3n espa\u00f1ola.[\/vc_column_text][\/vc_column][\/vc_row]<\/p>\n<\/div>","protected":false},"excerpt":{"rendered":"<p>[vc_row type=\u00bbboxed\u00bb background_style=\u00bbnormal\u00bb css=\u00bb.vc_custom_1587568023240{padding-top: 75px !important;padding-right: 50px !important;padding-bottom: 150px !important;padding-left: 50px !important;}\u00bb el_class=\u00bbdescripcion\u00bb][vc_column][vc_single_image image=\u00bb4248&#8243; img_size=\u00bbfull\u00bb alignment=\u00bbcenter\u00bb css=\u00bb.vc_custom_1587570569786{padding-bottom: 30px !important;}\u00bb][vc_column_text css=\u00bb.vc_custom_1587569053262{padding-bottom: 30px !important;}\u00bb]Para realizar compras a trav\u00e9s de la tienda online de GRUPO VIN\u00cdCOLA MARQU\u00c9S DE VARGAS, S.L. aparecer\u00e1n, en cada pantalla, los pasos que tendr\u00e1 que dar para realizar correctamente la operaci\u00f3n de compra on-line. [&hellip;]<\/p>\n","protected":false},"author":1,"featured_media":0,"parent":0,"menu_order":0,"comment_status":"closed","ping_status":"closed","template":"page-boxed.php","meta":{"inline_featured_image":false,"footnotes":""},"class_list":["post-4241","page","type-page","status-publish","hentry"],"_links":{"self":[{"href":"https:\/\/www.marquesdevargas.com\/tienda\/wp-json\/wp\/v2\/pages\/4241","targetHints":{"allow":["GET"]}}],"collection":[{"href":"https:\/\/www.marquesdevargas.com\/tienda\/wp-json\/wp\/v2\/pages"}],"about":[{"href":"https:\/\/www.marquesdevargas.com\/tienda\/wp-json\/wp\/v2\/types\/page"}],"author":[{"embeddable":true,"href":"https:\/\/www.marquesdevargas.com\/tienda\/wp-json\/wp\/v2\/users\/1"}],"replies":[{"embeddable":true,"href":"https:\/\/www.marquesdevargas.com\/tienda\/wp-json\/wp\/v2\/comments?post=4241"}],"version-history":[{"count":0,"href":"https:\/\/www.marquesdevargas.com\/tienda\/wp-json\/wp\/v2\/pages\/4241\/revisions"}],"wp:attachment":[{"href":"https:\/\/www.marquesdevargas.com\/tienda\/wp-json\/wp\/v2\/media?parent=4241"}],"curies":[{"name":"wp","href":"https:\/\/api.w.org\/{rel}","templated":true}]}}