{"id":4165,"date":"2020-04-17T07:55:37","date_gmt":"2020-04-17T07:55:37","guid":{"rendered":"https:\/\/www.marquesdevargas.com\/tienda\/?page_id=4165"},"modified":"2024-05-17T11:42:36","modified_gmt":"2024-05-17T11:42:36","slug":"politica-de-cookies","status":"publish","type":"page","link":"https:\/\/www.marquesdevargas.com\/tienda\/politica-de-cookies\/","title":{"rendered":"Pol\u00edtica de Cookies"},"content":{"rendered":"<div class=\"wpb-content-wrapper\"><p>[vc_row css=\u00bb.vc_custom_1587569873342{padding-top: 75px !important;padding-right: 50px !important;padding-bottom: 150px !important;padding-left: 50px !important;}\u00bb el_class=\u00bbdescripcion\u00bb][vc_column][vc_single_image image=\u00bb4249&#8243; img_size=\u00bbfull\u00bb alignment=\u00bbcenter\u00bb css=\u00bb.vc_custom_1587570341842{padding-bottom: 30px !important;}\u00bb][vc_column_text]A continuaci\u00f3n, mostramos informaci\u00f3n sobre qu\u00e9 son las \u201ccookies\u201d y su uso en esta web. Si necesita cualquier informaci\u00f3n adicional o aclaraci\u00f3n sobre lo aqu\u00ed dispuesto, le rogamos nos escriba a\u00a0<a href=\"mailto:info@marquesdevargas.com\">info@marquesdevargas.com<\/a><\/p>\n<p><a href=\"https:\/\/www.marquesdevargas.com\/tienda\">marquesdevargas.com\/tienda<\/a>\u00a0as\u00ed como todos los subdominios de este sitio web, son propiedad de Grupo Vin\u00edcola Marqu\u00e9s de Vargas S.L. (en adelante \u201cLA EMPRESA\u201d) con NIF B26114868 y con domicilio fiscal en Carretera Zaragoza Km.6 26006, Logro\u00f1o.<\/p>\n<p>&nbsp;<\/p>\n<h3>\u00bfQU\u00c9 SON LAS COOKIES?<\/h3>\n<p>&nbsp;<\/p>\n<p>Una cookie es un fichero que se descarga en un dispositivo inform\u00e1tico (ordenador\/smartphone\/tablet) al acceder a p\u00e1ginas web para almacenar y recuperar informaci\u00f3n sobre la navegaci\u00f3n realizada desde dicho dispositivo. Pr\u00e1cticamente, todas las p\u00e1ginas Web, independientemente del servicio que presten, utilizan cookies, es decir, guardan una informaci\u00f3n m\u00ednima de la utilizaci\u00f3n realizada por el usuario en la p\u00e1gina Web. marquesdevargas.com\/tienda \u00fanicamente instalar\u00e1 cookies en su dispositivo en caso de que usted preste su consentimiento. En caso de que no acepte su uso, es posible que diversas funcionalidades de la web no est\u00e9n disponibles. Esta p\u00e1gina web utiliza cookies propias y de terceros<\/p>\n<p>&nbsp;<\/p>\n<h3>Deber de informar u de obtener consentimiento en relaci\u00f3n con el uso de cookies<\/h3>\n<p>&nbsp;<\/p>\n<p><strong>Datos estad\u00edsticos de navegaci\u00f3n.<\/strong><\/p>\n<p>Las \u00fanicas cookies de terceros utilizadas en esta web son las de Google Analytics. Utilizamos Google Analytics para analizar c\u00f3mo los visitantes utilizan este sitio. Google Analytics utiliza varias cookies: archivos de texto ubicados en su ordenador que recogen informaci\u00f3n sobre el comportamiento de los visitantes. Ninguna informaci\u00f3n de identificaci\u00f3n personal se recopila sobre el visitante a menos que usted lo autorice de forma expl\u00edcitamente a trav\u00e9s de un formulario en este sitio web.<\/p>\n<p>La informaci\u00f3n an\u00f3nima generada por las cookies de Google Analytics sobre el uso de este sitio web (incluyendo su direcci\u00f3n IP) se transmite a Google. Esta informaci\u00f3n se procesa para elaborar informes estad\u00edsticos sobre la actividad del sitio web. Usamos estos informes para evaluar el uso de este sitio web y poder optimizar el contenido. La direcci\u00f3n IP no se vincula con la identidad de un usuario o con la informaci\u00f3n de identificaci\u00f3n personal de cualquier fuente, a menos que usted lo autorice de forma expl\u00edcitamente a trav\u00e9s de un formulario en este sitio web.<\/p>\n<p>&nbsp;<\/p>\n<p>A continuaci\u00f3n, un listado de las cookies utilizadas en este sitio web y su finalidad:<\/p>\n<table style=\"border-collapse: collapse; width: 100%; height: 216px;\">\n<tbody>\n<tr style=\"height: 48px;\">\n<td style=\"width: 50%; height: 48px;\"><strong>_ga, _gid, _gat<br \/>\n<\/strong><\/td>\n<td style=\"width: 50%; height: 48px;\">Cookies de Google Analytics. Recolectan informaci\u00f3n sobre el comportamiento de los usuarios.<\/td>\n<\/tr>\n<tr style=\"height: 48px;\">\n<td style=\"width: 50%; height: 48px;\"><strong>CONSENT, cookie_notice_accepted, viewed_cookie_policy, wordpress_test_cookie<\/strong><\/td>\n<td style=\"width: 50%; height: 48px;\">Propias de la pol\u00edtica de cookies y de la comprobaci\u00f3n de edad. Guardan la elecci\u00f3n del usuario para sesiones posteriores.<\/td>\n<\/tr>\n<tr style=\"height: 48px;\">\n<td style=\"width: 50%; height: 48px;\"><strong>tk_ai, woocommerce_cart_hash, woocommerce_items_in_cart, wp_woocommerce_session<\/strong><\/td>\n<td style=\"width: 50%; height: 48px;\">Cookies del ecommerce que almacenan la sesi\u00f3n del usuario, as\u00ed como los productos agregados al carro de compra<\/td>\n<\/tr>\n<tr style=\"height: 24px;\">\n<td style=\"width: 50%; height: 24px;\"><strong>wordpress_logged_in, wordpress_sec, wp-settings<\/strong><\/td>\n<td style=\"width: 50%; height: 24px;\">Almacenan las elecciones del usuario en el entorno WordPress<\/td>\n<\/tr>\n<\/tbody>\n<\/table>\n<p>&nbsp;<\/p>\n<h3>\u00bfPARA QU\u00c9 UTILIZAMOS LAS COOKIES?<\/h3>\n<p>&nbsp;<\/p>\n<p>Adem\u00e1s de lo se\u00f1alado en el punto anterior, LA EMPRESA utiliza cookies estrictamente necesarias y esenciales para que utilices nuestro sitio web y proporcionarte opciones personalizadas y un acceso m\u00e1s r\u00e1pido a la informaci\u00f3n que buscas.<\/p>\n<p>Nuestro sitio tambi\u00e9n puede tener enlaces de redes sociales, en cuyo caso LA EMPRESA no controla las cookies utilizadas por estas Webs externas. Para m\u00e1s informaci\u00f3n sobre las cookies de las redes sociales u otras Webs ajenas, aconsejamos revisar sus propias pol\u00edticas de cookies.<\/p>\n<p>Algunas de nuestras cookies se utilizan para generar informaci\u00f3n en redes de terceros.<\/p>\n<p>&nbsp;<\/p>\n<h3>\u00bfQU\u00c9 USO LE DAMOS A LOS DIFERENTES TIPOS DE COOKIES?<\/h3>\n<p>&nbsp;<\/p>\n<p>Seg\u00fan su finalidad<\/p>\n<p><strong>Cookies T\u00e9cnicas:<\/strong><\/p>\n<p>Las cookies t\u00e9cnicas son aquellas estrictamente necesarias para el correcto funcionamiento de una Web y la utilizaci\u00f3n de las diferentes opciones y servicios que ofrece. Se usan para mantener la sesi\u00f3n abierta, optimizaci\u00f3n del tiempo de respuesta, rendimiento o validaci\u00f3n de opciones, utilizar elementos de seguridad, compartir contenido con redes sociales, etc.<\/p>\n<p><strong>Cookies de personalizaci\u00f3n:<\/strong><\/p>\n<p>Permiten al usuario personalizar algunas caracter\u00edsticas de las opciones generales de la p\u00e1gina Web, Por ejemplo, definir el idioma o tipo de navegador.<\/p>\n<p><strong>Cookies anal\u00edticas:<\/strong><\/p>\n<p>Nos ayudan a elaborar perfiles de navegaci\u00f3n y poder conocer las preferencias de los usuarios a la hora de navegar en nuestra Web con el fin de mejorar la oferta de productos y servicios. Por ejemplo, se controlar\u00edan las \u00e1reas geogr\u00e1ficas de mayor inter\u00e9s de un usuario o los productos que m\u00e1s visita.<\/p>\n<p><strong>Cookies de publicidad:<\/strong><\/p>\n<p>Las cookies publicitarias permiten la gesti\u00f3n de los espacios publicitarios en base a criterios como la frecuencia de acceso a la web, las secciones visitadas, etc.<\/p>\n<p>Las cookies de publicidad permiten almacenar informaci\u00f3n del comportamiento a trav\u00e9s de la observaci\u00f3n de h\u00e1bitos, estudiando los accesos y formando un perfil de preferencias del usuario, para ofrecerle publicidad relacionada con los intereses de su perfil.<\/p>\n<p>&nbsp;<\/p>\n<h3>\u00bfQU\u00c9 SUPONE ACEPTAR NUESTRA POL\u00cdTICA DE COOKIES?<\/h3>\n<p>&nbsp;<\/p>\n<p>Con ello permites ofrecerte un acceso \u00f3ptimo y darle un servicio m\u00e1s eficaz y personalizado de acuerdo con tu uso habitual de nuestra web.<\/p>\n<p>LA EMPRESA demuestra el compromiso adquirido con la legislaci\u00f3n vigente, proporcion\u00e1ndote informaci\u00f3n sobre las cookies que utilizamos y por qu\u00e9 lo hacemos. Con esto, pretendemos proporcionarte transparencia en cuanto a los datos tratados acerca de la navegaci\u00f3n realizada desde tu equipo en nuestra Web.<\/p>\n<p>&nbsp;<\/p>\n<h3>Configuraci\u00f3n de su equipo para desactivar la instalaci\u00f3n de cookies<\/h3>\n<p>&nbsp;<\/p>\n<p>Puedes configurar tu navegador para establecer que solo los sitios Web de confianza o las p\u00e1ginas por las que est\u00e1s navegando en este momento puedan gestionar cookies, lo que te permite seleccionar sus preferencias.<\/p>\n<p>En primer lugar, le informamos de que si desactiva la instalaci\u00f3n de cookies es su equipo, es posible que algunas funcionalidades de este sitio web no est\u00e9n disponibles.<\/p>\n<p>A continuaci\u00f3n, le facilitamos enlaces a instrucciones para desactivar o configurar la instalaci\u00f3n de cookies en su equipo en los distintos navegadores m\u00e1s habituales:<\/p>\n<ul>\n<li><strong>Mozilla Firefox<\/strong>:\u00a0<a href=\"https:\/\/support.mozilla.org\/es\/kb\/habilitar-y-deshabilitar-cookies-que-los-sitios-web\">https:\/\/support.mozilla.org\/es\/kb\/habilitar-y-deshabilitar-cookies-que-los-sitios-web<\/a><\/li>\n<li><strong>Google Chrome<\/strong>:\u00a0<a href=\"https:\/\/support.google.com\/chrome\/answer\/95647?hl=es\">https:\/\/support.google.com\/chrome\/answer\/95647?hl=es<\/a><\/li>\n<li><strong>Internet Explorer<\/strong>:\u00a0<a href=\"http:\/\/windows.microsoft.com\/es-xl\/internet-explorer\/delete-manage-cookies#ie=ie-11\">http:\/\/windows.microsoft.com\/es-xl\/internet-explorer\/delete-manage-cookies#ie=ie-11<\/a><\/li>\n<li><strong>Safari<\/strong>:\u00a0<a href=\"http:\/\/support.apple.com\/kb\/ph5042\">http:\/\/support.apple.com\/kb\/ph5042<\/a><\/li>\n<li><strong>Opera<\/strong>:\u00a0<a href=\"http:\/\/help.opera.com\/Windows\/11.50\/es-ES\/cookies.html\">http:\/\/help.opera.com\/Windows\/11.50\/es-ES\/cookies.html<\/a><\/li>\n<\/ul>\n<p>En resumen, el anonimato es seguro. Ese es nuestro compromiso personal para usted como usuario o usuaria de nuestro sitio web.<\/p>\n<p>Si est\u00e1s de acuerdo con la pol\u00edtica de cookies de este web, haz clic en ACEPTAR en el mensaje que aparece al entrar en nuestra p\u00e1gina.<\/p>\n<h3><\/h3>\n<p>&nbsp;<\/p>\n<h3>Actualizaci\u00f3n de la Pol\u00edtica de cookies<\/h3>\n<p>&nbsp;<\/p>\n<p>Grupo Vin\u00edcola Marqu\u00e9s de Vargas puede modificar esta Pol\u00edtica de cookies en funci\u00f3n de exigencias legislativas, reglamentarias, o con la finalidad de adaptar dicha pol\u00edtica a las instrucciones dictadas por la Agencia Espa\u00f1ola de Protecci\u00f3n de Datos, por ello se aconseja a los usuarios que la visiten peri\u00f3dicamente. Cuando se produzcan cambios significativos en esta Pol\u00edtica de cookies, se comunicar\u00e1 a los usuarios bien mediante la web o a trav\u00e9s de correo electr\u00f3nico a los usuarios registrados.<\/p>\n<p>&nbsp;<\/p>\n<h3>M\u00c1S INFORMACI\u00d3N<\/h3>\n<p>&nbsp;<\/p>\n<p>Si tienes cualquier pregunta sobre c\u00f3mo usamos las cookies, y no est\u00e1 contestada en \u00e9sta pol\u00edtica, por favor m\u00e1ndenos tus comentarios a trav\u00e9s del correo electr\u00f3nico\u00a0<a href=\"mailto:info@marquesdevargas.com\">info@marquesdevargas.com<\/a>[\/vc_column_text][\/vc_column][\/vc_row]<\/p>\n<\/div>","protected":false},"excerpt":{"rendered":"<p>[vc_row css=\u00bb.vc_custom_1587569873342{padding-top: 75px !important;padding-right: 50px !important;padding-bottom: 150px !important;padding-left: 50px !important;}\u00bb el_class=\u00bbdescripcion\u00bb][vc_column][vc_single_image image=\u00bb4249&#8243; img_size=\u00bbfull\u00bb alignment=\u00bbcenter\u00bb css=\u00bb.vc_custom_1587570341842{padding-bottom: 30px !important;}\u00bb][vc_column_text]A continuaci\u00f3n, mostramos informaci\u00f3n sobre qu\u00e9 son las \u201ccookies\u201d y su uso en esta web. Si necesita cualquier informaci\u00f3n adicional o aclaraci\u00f3n sobre lo aqu\u00ed dispuesto, le rogamos nos escriba a\u00a0info@marquesdevargas.com marquesdevargas.com\/tienda\u00a0as\u00ed como todos los subdominios de este sitio [&hellip;]<\/p>\n","protected":false},"author":1,"featured_media":0,"parent":0,"menu_order":0,"comment_status":"closed","ping_status":"closed","template":"page-boxed.php","meta":{"inline_featured_image":false,"footnotes":""},"class_list":["post-4165","page","type-page","status-publish","hentry"],"_links":{"self":[{"href":"https:\/\/www.marquesdevargas.com\/tienda\/wp-json\/wp\/v2\/pages\/4165","targetHints":{"allow":["GET"]}}],"collection":[{"href":"https:\/\/www.marquesdevargas.com\/tienda\/wp-json\/wp\/v2\/pages"}],"about":[{"href":"https:\/\/www.marquesdevargas.com\/tienda\/wp-json\/wp\/v2\/types\/page"}],"author":[{"embeddable":true,"href":"https:\/\/www.marquesdevargas.com\/tienda\/wp-json\/wp\/v2\/users\/1"}],"replies":[{"embeddable":true,"href":"https:\/\/www.marquesdevargas.com\/tienda\/wp-json\/wp\/v2\/comments?post=4165"}],"version-history":[{"count":0,"href":"https:\/\/www.marquesdevargas.com\/tienda\/wp-json\/wp\/v2\/pages\/4165\/revisions"}],"wp:attachment":[{"href":"https:\/\/www.marquesdevargas.com\/tienda\/wp-json\/wp\/v2\/media?parent=4165"}],"curies":[{"name":"wp","href":"https:\/\/api.w.org\/{rel}","templated":true}]}}