{"id":2953,"date":"2019-11-19T13:34:33","date_gmt":"2019-11-19T13:34:33","guid":{"rendered":"http:\/\/import.getbowtied.com\/shopkeeper-replica\/cart\/"},"modified":"2026-01-07T15:24:15","modified_gmt":"2026-01-07T15:24:15","slug":"cart","status":"publish","type":"page","link":"https:\/\/www.marquesdevargas.com\/tienda\/cart\/","title":{"rendered":"Compra"},"content":{"rendered":"<div class=\"wpb-content-wrapper\"><p>[vc_row full_width=\u00bbstretch_row_content\u00bb css=\u00bb.vc_custom_1666942681938{padding-top: 75px !important;}\u00bb el_class=\u00bbcentrado max_767&#8243;][vc_column width=\u00bb1\/12&#8243;][\/vc_column][vc_column width=\u00bb10\/12&#8243;][vc_single_image image=\u00bb5156&#8243; img_size=\u00bbfull\u00bb alignment=\u00bbcenter\u00bb style=\u00bbvc_box_shadow_3d\u00bb onclick=\u00bbcustom_link\u00bb link=\u00bbhttps:\/\/www.marquesdevargas.com\/tienda\/producto\/conde-de-san-cristobal-oydor\/\u00bb][\/vc_column][vc_column width=\u00bb1\/12&#8243;][\/vc_column][\/vc_row][vc_row full_width=\u00bbstretch_row_content\u00bb css=\u00bb.vc_custom_1666942696035{padding-top: 75px !important;}\u00bb el_class=\u00bbcentrado min_767&#8243;][vc_column width=\u00bb1\/12&#8243;][\/vc_column][vc_column width=\u00bb10\/12&#8243;][vc_single_image image=\u00bb5157&#8243; img_size=\u00bbfull\u00bb alignment=\u00bbcenter\u00bb style=\u00bbvc_box_shadow_3d\u00bb onclick=\u00bbcustom_link\u00bb link=\u00bbhttps:\/\/www.marquesdevargas.com\/tienda\/producto\/conde-de-san-cristobal-oydor\/\u00bb][\/vc_column][vc_column width=\u00bb1\/12&#8243;][\/vc_column][\/vc_row][vc_row full_width=\u00bbstretch_row\u00bb disable_element=\u00bbyes\u00bb][vc_column width=\u00bb1\/6&#8243; css=\u00bb.vc_custom_1722852759940{margin-bottom: 0px !important;}\u00bb offset=\u00bbvc_hidden-sm vc_hidden-xs\u00bb][\/vc_column][vc_column width=\u00bb4\/6&#8243; css=\u00bb.vc_custom_1722852750032{margin-top: 75px !important;margin-right: 0px !important;margin-bottom: 75px !important;margin-left: 0px !important;border-top-width: 1px !important;border-right-width: 1px !important;border-bottom-width: 1px !important;border-left-width: 1px !important;padding-top: 30px !important;padding-right: 30px !important;padding-bottom: 30px !important;padding-left: 30px !important;border-left-style: double !important;border-right-style: double !important;border-top-style: double !important;border-bottom-style: double !important;border-color: #000000 !important;}\u00bb][vc_single_image image=\u00bb4333&#8243; img_size=\u00bbfull\u00bb alignment=\u00bbcenter\u00bb css=\u00bb\u00bb][vc_column_text css=\u00bb.vc_custom_1766481779088{padding-top: 10px !important;padding-right: 10px !important;padding-bottom: 10px !important;padding-left: 10px !important;}\u00bb]<\/p>\n<h4 style=\"text-align: center;\">Aviso para env\u00edos durante los meses de diciembre y enero<\/h4>\n<p>&nbsp;<\/p>\n<p style=\"text-align: center;\">Permaneceremos cerrados<strong> desde el d\u00eda<\/strong> <strong>22 de diciembre hasta el 7 de enero<\/strong>.<\/p>\n<p style=\"text-align: center;\">Los pedidos que se realicen en ese periodo ser\u00e1n enviados durante la semana del 7 de enero.<\/p>\n<p style=\"text-align: center;\"><strong>Disculpen las molestias<\/strong><\/p>\n<p>[\/vc_column_text][\/vc_column][vc_column width=\u00bb1\/6&#8243; offset=\u00bbvc_hidden-sm vc_hidden-xs\u00bb][\/vc_column][\/vc_row][vc_row css=\u00bb.vc_custom_1588241321365{padding-top: 75px !important;padding-bottom: 75px !important;}\u00bb][vc_column][vc_btn title=\u00bbSeguir comprando\u00bb style=\u00bbflat\u00bb shape=\u00bbsquare\u00bb color=\u00bbwhite\u00bb size=\u00bblg\u00bb align=\u00bbleft\u00bb i_type=\u00bbtypicons\u00bb i_icon_typicons=\u00bbtypcn typcn-arrow-left\u00bb css=\u00bb.vc_custom_1588243112970{padding-bottom: 30px !important;}\u00bb add_icon=\u00bbtrue\u00bb link=\u00bburl:https%3A%2F%2Fwww.marquesdevargas.com%2Ftienda%2F|title:Tienda%20Marqu%C3%A9s%20de%20Vargas||\u00bb el_class=\u00bbvolver_tienda\u00bb][\/vc_column][\/vc_row][vc_row full_width=\u00bbstretch_row\u00bb css=\u00bb.vc_custom_1588241311180{padding-top: 75px !important;padding-bottom: 75px !important;}\u00bb][vc_column css=\u00bb.vc_custom_1587628034708{margin-bottom: 0px !important;padding-bottom: 30px !important;}\u00bb][vc_row_inner content_placement=\u00bbtop\u00bb gap=\u00bb20&#8243;][vc_column_inner width=\u00bb1\/6&#8243;][vc_single_image image=\u00bb4488&#8243; img_size=\u00bbfull\u00bb alignment=\u00bbcenter\u00bb][\/vc_column_inner][vc_column_inner width=\u00bb5\/6&#8243;][vc_column_text css=\u00bb.vc_custom_1588241250936{padding-top: 10px !important;padding-right: 10px !important;padding-bottom: 10px !important;padding-left: 10px !important;}\u00bb el_class=\u00bbdescripcion\u00bb]<\/p>\n<p style=\"font-size: 16px;\">Les recordamos que\u00a0<strong>los pedidos ser\u00e1n preparados el mismo d\u00eda de ser recibidos y enviados el siguiente d\u00eda laboral: de lunes a viernes, salvo festivos.<br \/>\n<\/strong>Los diferentes transportistas pueden contar o no los d\u00edas festivos en sus tiempos de entrega.<br \/>\nSi necesita que la entrega sea en otro tramo al indicado, le rogamos que se ponga en contacto con nosotros.<\/p>\n<p>[\/vc_column_text][\/vc_column_inner][\/vc_row_inner][vc_row_inner content_placement=\u00bbtop\u00bb gap=\u00bb20&#8243;][vc_column_inner width=\u00bb1\/6&#8243;][vc_single_image image=\u00bb4332&#8243; img_size=\u00bbfull\u00bb alignment=\u00bbcenter\u00bb][\/vc_column_inner][vc_column_inner width=\u00bb5\/6&#8243;][vc_column_text css=\u00bb.vc_custom_1588162494715{padding-top: 10px !important;padding-right: 10px !important;padding-bottom: 10px !important;padding-left: 10px !important;}\u00bb el_class=\u00bbdescripcion\u00bb]<\/p>\n<p style=\"font-size: 16px;\">Si tiene cualquier duda o necesita cualquier aclaraci\u00f3n, estamos disponibles en el correo electr\u00f3nico <a href=\"mailto:info@marquesdevargas.com\">info@marquesdevargas.com<\/a> y el tel\u00e9fono <a href=\"tel:+34941261401\">941 261 401<\/a>, para todo lo que pueda necesitar.<\/p>\n<p>[\/vc_column_text][\/vc_column_inner][\/vc_row_inner][\/vc_column][\/vc_row]<\/p>\n<\/div>","protected":false},"excerpt":{"rendered":"<p>[vc_row full_width=\u00bbstretch_row_content\u00bb css=\u00bb.vc_custom_1666942681938{padding-top: 75px !important;}\u00bb el_class=\u00bbcentrado max_767&#8243;][vc_column width=\u00bb1\/12&#8243;][\/vc_column][vc_column width=\u00bb10\/12&#8243;][vc_single_image image=\u00bb5156&#8243; img_size=\u00bbfull\u00bb alignment=\u00bbcenter\u00bb style=\u00bbvc_box_shadow_3d\u00bb onclick=\u00bbcustom_link\u00bb link=\u00bbhttps:\/\/www.marquesdevargas.com\/tienda\/producto\/conde-de-san-cristobal-oydor\/\u00bb][\/vc_column][vc_column width=\u00bb1\/12&#8243;][\/vc_column][\/vc_row][vc_row full_width=\u00bbstretch_row_content\u00bb css=\u00bb.vc_custom_1666942696035{padding-top: 75px !important;}\u00bb el_class=\u00bbcentrado min_767&#8243;][vc_column width=\u00bb1\/12&#8243;][\/vc_column][vc_column width=\u00bb10\/12&#8243;][vc_single_image image=\u00bb5157&#8243; img_size=\u00bbfull\u00bb alignment=\u00bbcenter\u00bb style=\u00bbvc_box_shadow_3d\u00bb onclick=\u00bbcustom_link\u00bb link=\u00bbhttps:\/\/www.marquesdevargas.com\/tienda\/producto\/conde-de-san-cristobal-oydor\/\u00bb][\/vc_column][vc_column width=\u00bb1\/12&#8243;][\/vc_column][\/vc_row][vc_row full_width=\u00bbstretch_row\u00bb disable_element=\u00bbyes\u00bb][vc_column width=\u00bb1\/6&#8243; css=\u00bb.vc_custom_1722852759940{margin-bottom: 0px !important;}\u00bb offset=\u00bbvc_hidden-sm vc_hidden-xs\u00bb][\/vc_column][vc_column width=\u00bb4\/6&#8243; css=\u00bb.vc_custom_1722852750032{margin-top: 75px !important;margin-right: 0px !important;margin-bottom: 75px !important;margin-left: 0px !important;border-top-width: 1px !important;border-right-width: 1px !important;border-bottom-width: 1px !important;border-left-width: [&hellip;]<\/p>\n","protected":false},"author":1,"featured_media":0,"parent":0,"menu_order":0,"comment_status":"closed","ping_status":"closed","template":"page-boxed.php","meta":{"inline_featured_image":false,"footnotes":""},"class_list":["post-2953","page","type-page","status-publish","hentry"],"_links":{"self":[{"href":"https:\/\/www.marquesdevargas.com\/tienda\/wp-json\/wp\/v2\/pages\/2953","targetHints":{"allow":["GET"]}}],"collection":[{"href":"https:\/\/www.marquesdevargas.com\/tienda\/wp-json\/wp\/v2\/pages"}],"about":[{"href":"https:\/\/www.marquesdevargas.com\/tienda\/wp-json\/wp\/v2\/types\/page"}],"author":[{"embeddable":true,"href":"https:\/\/www.marquesdevargas.com\/tienda\/wp-json\/wp\/v2\/users\/1"}],"replies":[{"embeddable":true,"href":"https:\/\/www.marquesdevargas.com\/tienda\/wp-json\/wp\/v2\/comments?post=2953"}],"version-history":[{"count":2,"href":"https:\/\/www.marquesdevargas.com\/tienda\/wp-json\/wp\/v2\/pages\/2953\/revisions"}],"predecessor-version":[{"id":5561,"href":"https:\/\/www.marquesdevargas.com\/tienda\/wp-json\/wp\/v2\/pages\/2953\/revisions\/5561"}],"wp:attachment":[{"href":"https:\/\/www.marquesdevargas.com\/tienda\/wp-json\/wp\/v2\/media?parent=2953"}],"curies":[{"name":"wp","href":"https:\/\/api.w.org\/{rel}","templated":true}]}}