{"id":3,"date":"2019-12-24T11:56:05","date_gmt":"2019-12-24T11:56:05","guid":{"rendered":"http:\/\/marquesdevargasnuevo.com\/?page_id=3"},"modified":"2025-03-11T20:22:46","modified_gmt":"2025-03-11T19:22:46","slug":"politica-privacidad","status":"publish","type":"page","link":"https:\/\/www.marquesdevargas.com\/es\/politica-privacidad\/","title":{"rendered":"Pol\u00edtica de Privacidad"},"content":{"rendered":"\n<p>En&nbsp;Grupo Vin\u00edcola Marqu\u00e9s de Vargas, S.L.&nbsp;sabemos lo importante que es tu privacidad y por ello nos preocupamos por tratar tus datos personales de manera leal, l\u00edcita y transparente. A trav\u00e9s de nuestra Pol\u00edtica de Privacidad queremos proporcionarte informaci\u00f3n detallada sobre los tratamientos que realizamos con los datos que usted nos proporcione.<\/p>\n\n\n\n<p>Es importante que usted haya le\u00eddo detenidamente la informaci\u00f3n sobre protecci\u00f3n de datos facilitada previamente y la presente Pol\u00edtica de Privacidad, ya que a trav\u00e9s de estos medios le proporcionamos informaci\u00f3n sobre c\u00f3mo estamos tratando sus datos.<\/p>\n\n\n\n<h3 class=\"wp-block-heading\"><strong><strong>\u00bfQui\u00e9n es el responsable del tratamiento de sus datos?<\/strong><\/strong><\/h3>\n\n\n\n<p>La informaci\u00f3n y\/o datos personales que nos proporcione se incluyen en un sistema de tratamiento cuyo responsable es Grupo Vin\u00edcola Marqu\u00e9s de Vargas, S.L. (en adelante, Grupo Vin\u00edcola Marqu\u00e9s de Vargas):<\/p>\n\n\n\n<ul>\n<li>NIF B-26114868<\/li>\n\n\n\n<li>Domicilio sito en Carretera Zaragoza, km. 6, 26006 Logro\u00f1o, La Rioja<\/li>\n\n\n\n<li>Contacto del Responsable de Protecci\u00f3n de Datos:&nbsp;<a href=\"mailto:info.rgpd@varma.com\">info.rgpd@varma.com<\/a>&nbsp;&nbsp;<\/li>\n<\/ul>\n\n\n\n<h3 class=\"wp-block-heading\"><strong><strong>\u00bfQu\u00e9 datos personales tratamos?<\/strong><\/strong><\/h3>\n\n\n\n<p>GVMV tratar\u00e1 las siguientes categor\u00edas de datos del Usuario, que ser\u00e1n proporcionados directamente por usted:<\/p>\n\n\n\n<ul>\n<li>Datos identificativos: nombre y apellidos.<\/li>\n\n\n\n<li>Datos de contacto personal o profesional: direcci\u00f3n postal, direcci\u00f3n de correo electr\u00f3nico, tel\u00e9fono.<\/li>\n\n\n\n<li>Datos acad\u00e9micos: en caso de que usted participe en procesos de selecci\u00f3n.<\/li>\n\n\n\n<li>Otros datos: datos facilitados por los propios interesados en fomento de relaciones comerciales y de inter\u00e9s mutuo.<\/li>\n<\/ul>\n\n\n\n<h3 class=\"wp-block-heading\"><strong><strong>\u00bfCon qu\u00e9 finalidad y base de legitimaci\u00f3n tratamos sus datos?<\/strong><\/strong><\/h3>\n\n\n\n<ul>\n<li><strong>Gesti\u00f3n de las solicitudes de contacto e informaci\u00f3n recibidas por correo electr\u00f3nico y\/o formulario web<\/strong>. Base de legitimaci\u00f3n: consentimiento del interesado (art.6.1 a) RGPD) y\/o inter\u00e9s leg\u00edtimo por el responsable del tratamiento (art. 6.1 f) RGPD).<\/li>\n\n\n\n<li><strong>Gesti\u00f3n procesos de selecci\u00f3n de personal. <\/strong>Base de legitimaci\u00f3n: aplicaci\u00f3n de medidas precontractuales a petici\u00f3n del interesado (art. 6.1 b) RGPD).<\/li>\n\n\n\n<li><strong>Gesti\u00f3n de las relaciones con nuestros clientes.<\/strong> Base de legitimaci\u00f3n: cumplimiento de obligaciones legales (art. 6.1 c) RGPD), as\u00ed como en el inter\u00e9s leg\u00edtimo que vincula a las partes (art. 6.1 f) RGPD), en relaci\u00f3n con el art. 19 de la Ley Org\u00e1nica 3\/2018, de 5 de diciembre, de Protecci\u00f3n de Datos Personales y garant\u00eda de los derechos digitales.<\/li>\n\n\n\n<li><strong>Gesti\u00f3n de las relaciones con nuestros proveedores.<\/strong> Base de legitimaci\u00f3n: ejecuci\u00f3n de un contrato (art. 6.1 b) RGPD) y el cumplimiento de obligaciones legales (art. 6.1 c) RGPD). En el caso de representantes de proveedores personas jur\u00eddicas, aplicar\u00e1 de forma adicional el inter\u00e9s leg\u00edtimo (art. 6.1 f) RGPD) que vincula a las partes, en relaci\u00f3n con el art. 19 de la Ley Org\u00e1nica 3\/2018, de 5 de diciembre, de Protecci\u00f3n de Datos Personales y garant\u00eda de los derechos digitales.<\/li>\n\n\n\n<li><strong>Tramitaci\u00f3n y gesti\u00f3n de las reservas o compras de visitas a nuestras bodegas y su asistencia a las mismas en la fecha se\u00f1alada<\/strong>. Base de legitimaci\u00f3n: consentimiento expreso del interesado (art. 6.1 a) RGPD).<\/li>\n\n\n\n<li><strong>Ejercicio de derechos y gesti\u00f3n de la privacidad.<\/strong> Base de legitimaci\u00f3n: cumplimiento de una obligaci\u00f3n legal (art. 6.1 c) RGPD).<\/li>\n\n\n\n<li><strong>Canal de denuncias.<\/strong> Base de legitimaci\u00f3n: cumplimiento de una obligaci\u00f3n legal (art. 6.1 c) RGPD).<\/li>\n\n\n\n<li><strong>Videovigilancia<\/strong>. GVMV cuenta con c\u00e1maras de videovigilancia en sus instalaciones, con la finalidad de garantizar la seguridad de las personas, bienes e instalaciones. Base de legitimaci\u00f3n: inter\u00e9s p\u00fablico por el responsable del tratamiento (art. 6.1 e) RGPD).<\/li>\n<\/ul>\n\n\n\n<h3 class=\"wp-block-heading\"><strong><strong>\u00bfA qui\u00e9n comunicaremos sus datos personales?<\/strong><\/strong><\/h3>\n\n\n\n<p>GVMV s\u00f3lo comunicar\u00e1 los datos personales a:<\/p>\n\n\n\n<ul>\n<li>Aquellos terceros, organismos e instituciones p\u00fablicas de la Administraci\u00f3n General del Estado, de las administraciones auton\u00f3micas y locales, incluidos los \u00f3rganos jurisdiccionales a los que est\u00e9 legalmente obligado a facilitarlos.<\/li>\n\n\n\n<li>Las sociedades colaboradoras y\/o partners con el fin de que puedan gestionar la relaci\u00f3n contractual con Usted.<\/li>\n\n\n\n<li>A proveedores de servicios vinculados contractualmente con GVMV, como encargados de tratamiento que tratar\u00e1n sus datos siguiendo estrictamente las instrucciones de privacidad de la informaci\u00f3n y con las garant\u00edas necesarias, para las finalidades del tratamiento.<\/li>\n\n\n\n<li>Otras entidades del GRUPO VARMA: VARMA, S.L., ALIMENTACI\u00d3N VARMA, S.A., IMPORTACIONES Y EXPORTACIONES VARMA, S.A., SIXSERVIX OMEGA DOS, S.L. y CAN XISCO ORDINAS DISTRIBUCIONS, S.A.<\/li>\n<\/ul>\n\n\n\n<h3 class=\"wp-block-heading\"><strong><strong>\u00bfSe realizan transferencias internacionales de datos?<\/strong><\/strong><\/h3>\n\n\n\n<p>No se ceder\u00e1n ni ser\u00e1n objeto de transferencias internacionales salvo que contemos con su consentimiento expreso y\/o se precise el cumplimiento de las obligaciones legales establecidas por el Derecho de la Uni\u00f3n y\/o Estados Miembros.<\/p>\n\n\n\n<h3 class=\"wp-block-heading\"><strong><strong>\u00bfDurante cu\u00e1nto tiempo conservaremos sus datos?<\/strong><\/strong><\/h3>\n\n\n\n<p>En funci\u00f3n de la finalidad por la cual tratamos sus datos, el periodo de conservaci\u00f3n podr\u00e1 variar:<\/p>\n\n\n\n<ul>\n<li><strong>Gesti\u00f3n de las solicitudes de contacto e informaci\u00f3n recibidas por correo electr\u00f3nico y\/o formulario web. <\/strong>En el caso de que contacte con GVMV para solicitar informaci\u00f3n, sus datos ser\u00e1n conservados por el periodo de dos a\u00f1os a partir de la \u00faltima comunicaci\u00f3n realizada por el usuario, quedando renovado dicho c\u00f3mputo con cada nueva toma de contacto o relaci\u00f3n efectuada por parte del usuario.<\/li>\n\n\n\n<li><strong>Gesti\u00f3n de las relaciones con nuestros clientes y proveedores<\/strong>. Los datos personales de nuestros clientes y proveedores ser\u00e1n conservados durante todo el tiempo en que se mantenga vigente la relaci\u00f3n contractual y, posteriormente, hasta la prescripci\u00f3n de posibles responsabilidades legales debidamente bloqueados.<\/li>\n\n\n\n<li><strong>Gesti\u00f3n procesos de selecci\u00f3n de personal<\/strong>. Los datos curriculares y cualesquiera otros que haya facilitado para formar parte de nuestros procesos de selecci\u00f3n de personal, ser\u00e1n conservados durante el plazo de dos a\u00f1os desde su recepci\u00f3n. Si GVMV considera que su curr\u00edculum puede ser de inter\u00e9s para futuros procesos de selecci\u00f3n, solicitar\u00e1 al candidato la actualizaci\u00f3n de su curr\u00edculum antes del vencimiento de dicho plazo.<\/li>\n\n\n\n<li><strong>Ejercicio de derechos y gesti\u00f3n de la privacidad<\/strong>. En el caso de que haya ejercitado sus derechos en materia de protecci\u00f3n de datos, o necesitemos tratar sus datos en cumplimiento de obligaciones legales establecidas por la normativa de protecci\u00f3n de datos, sus datos ser\u00e1n conservados durante el tiempo necesario para dar cumplimiento a nuestras obligaciones y, posteriormente, hasta el momento de prescripci\u00f3n de posibles acciones legales debidamente bloqueados.<\/li>\n\n\n\n<li><strong>Canal de denuncias:<\/strong> Los datos personales contenidos en las comunicaciones recibidas en nuestro canal de denuncias ser\u00e1n tratados durante el tiempo estrictamente necesario. Los datos personales contenidos en la comunicaci\u00f3n que sean innecesarios ser\u00e1n suprimidos inmediatamente. En el caso de los datos personales necesarios para gestionar las pertinentes investigaciones, ser\u00e1n conservados durante la tramitaci\u00f3n de la investigaci\u00f3n y, posteriormente, hasta el momento de prescripci\u00f3n de posibles acciones legales debidamente bloqueados.<\/li>\n\n\n\n<li><strong>Videovigilancia:<\/strong> Los datos personales captados por las c\u00e1maras de videovigilancia son conservados durante el plazo de un mes desde su captaci\u00f3n. No obstante, podr\u00e1n conservarse por periodos superiores en el caso de necesitar ser conservados para acreditar la comisi\u00f3n de actos que atenten contra la integridad de las personas, bienes o instalaciones.<\/li>\n<\/ul>\n\n\n\n<h3 class=\"wp-block-heading\"><strong><strong>\u00bfQu\u00e9 medidas de seguridad se aplicar\u00e1n a sus datos personales?<\/strong><\/strong><\/h3>\n\n\n\n<p>El tratamiento de los datos personales facilitados se llevar\u00e1 a cabo adoptando las medidas t\u00e9cnicas y organizativas necesarias para evitar la p\u00e9rdida, uso indebido, alteraci\u00f3n y acceso no autorizado a los mismos, habida cuenta del estado de la tecnolog\u00eda, la naturaleza de los datos y el an\u00e1lisis de riesgos efectuado.<\/p>\n\n\n\n<h3 class=\"wp-block-heading\"><strong><strong>\u00bfC\u00f3mo puede ejercitar sus derechos en relaci\u00f3n con sus datos personales?<\/strong><\/strong><\/h3>\n\n\n\n<p>Para revocar los consentimientos otorgados, as\u00ed como para ejercer los derechos de acceso, rectificaci\u00f3n, supresi\u00f3n, oposici\u00f3n, limitaci\u00f3n y portabilidad, as\u00ed como de no ser objeto de la toma de decisiones individuales automatizadas, podr\u00e1 dirigirse mediante petici\u00f3n escrita al domicilio postal situado en Carretera Zaragoza, km. 6, 26006 Logro\u00f1o, La Rioja o al correo electr\u00f3nico <a href=\"mailto:info.rgpd@varma.com\">info.rgpd@varma.com<\/a> &nbsp;&nbsp;<\/p>\n\n\n\n<p>La petici\u00f3n deber\u00e1 incluir: nombre y apellidos del interesado. En caso de ser necesario, documento identificativo v\u00e1lido del interesado y, en su caso, de su representante, as\u00ed como t\u00edtulo acreditativo de la representaci\u00f3n; domicilio a efectos de notificaciones y especificaci\u00f3n del objeto de la petici\u00f3n.<\/p>\n\n\n\n<p>En caso de que el interesado considere que los anteriores derechos no han sido atendidos conforme a la legalidad vigente, podr\u00e1 presentar la correspondiente reclamaci\u00f3n de tutela de derechos ante la Agencia Espa\u00f1ola de Protecci\u00f3n de Datos.<\/p>\n","protected":false},"excerpt":{"rendered":"<p>En&nbsp;Grupo Vin\u00edcola Marqu\u00e9s de Vargas, S.L.&nbsp;sabemos lo importante que es tu privacidad y por ello nos preocupamos por tratar tus datos personales de manera leal, l\u00edcita y transparente. A trav\u00e9s [&hellip;]<\/p>\n","protected":false},"author":5,"featured_media":0,"parent":0,"menu_order":0,"comment_status":"closed","ping_status":"closed","template":"","meta":{"_genesis_hide_title":false,"_genesis_hide_breadcrumbs":false,"_genesis_hide_singular_image":false,"_genesis_hide_footer_widgets":false,"_genesis_custom_body_class":"","_genesis_custom_post_class":"","_genesis_layout":"full-width-content","footnotes":""},"acf":[],"yoast_head":"<!-- This site is optimized with the Yoast SEO plugin v21.8 - https:\/\/yoast.com\/wordpress\/plugins\/seo\/ -->\n<title>Pol\u00edtica de Privacidad - Bodegas Marqu\u00e9s de Vargas, Rioja, Ribera Duero y R\u00edas Baixas<\/title>\n<meta name=\"robots\" content=\"index, follow, max-snippet:-1, max-image-preview:large, max-video-preview:-1\" \/>\n<link rel=\"canonical\" href=\"https:\/\/www.marquesdevargas.com\/es\/politica-privacidad\/\" \/>\n<meta property=\"og:locale\" content=\"es_ES\" \/>\n<meta property=\"og:type\" content=\"article\" \/>\n<meta property=\"og:title\" content=\"Pol\u00edtica de Privacidad - Bodegas Marqu\u00e9s de Vargas, Rioja, Ribera Duero y R\u00edas Baixas\" \/>\n<meta property=\"og:description\" content=\"En&nbsp;Grupo Vin\u00edcola Marqu\u00e9s de Vargas, S.L.&nbsp;sabemos lo importante que es tu privacidad y por ello nos preocupamos por tratar tus datos personales de manera leal, l\u00edcita y transparente. A trav\u00e9s [&hellip;]\" \/>\n<meta property=\"og:url\" content=\"https:\/\/www.marquesdevargas.com\/es\/politica-privacidad\/\" \/>\n<meta property=\"og:site_name\" content=\"Bodegas Marqu\u00e9s de Vargas, Rioja, Ribera Duero y R\u00edas Baixas\" \/>\n<meta property=\"article:modified_time\" content=\"2025-03-11T19:22:46+00:00\" \/>\n<meta name=\"twitter:card\" content=\"summary_large_image\" \/>\n<meta name=\"twitter:label1\" content=\"Tiempo de lectura\" \/>\n\t<meta name=\"twitter:data1\" content=\"7 minutos\" \/>\n<script type=\"application\/ld+json\" class=\"yoast-schema-graph\">{\"@context\":\"https:\/\/schema.org\",\"@graph\":[{\"@type\":\"WebPage\",\"@id\":\"https:\/\/www.marquesdevargas.com\/es\/politica-privacidad\/\",\"url\":\"https:\/\/www.marquesdevargas.com\/es\/politica-privacidad\/\",\"name\":\"Pol\u00edtica de Privacidad - Bodegas Marqu\u00e9s de Vargas, Rioja, Ribera Duero y R\u00edas Baixas\",\"isPartOf\":{\"@id\":\"https:\/\/www.marquesdevargas.com\/en\/#website\"},\"datePublished\":\"2019-12-24T11:56:05+00:00\",\"dateModified\":\"2025-03-11T19:22:46+00:00\",\"breadcrumb\":{\"@id\":\"https:\/\/www.marquesdevargas.com\/es\/politica-privacidad\/#breadcrumb\"},\"inLanguage\":\"es\",\"potentialAction\":[{\"@type\":\"ReadAction\",\"target\":[\"https:\/\/www.marquesdevargas.com\/es\/politica-privacidad\/\"]}]},{\"@type\":\"BreadcrumbList\",\"@id\":\"https:\/\/www.marquesdevargas.com\/es\/politica-privacidad\/#breadcrumb\",\"itemListElement\":[{\"@type\":\"ListItem\",\"position\":1,\"name\":\"Portada\",\"item\":\"https:\/\/www.marquesdevargas.com\/es\/\"},{\"@type\":\"ListItem\",\"position\":2,\"name\":\"Pol\u00edtica de Privacidad\"}]},{\"@type\":\"WebSite\",\"@id\":\"https:\/\/www.marquesdevargas.com\/en\/#website\",\"url\":\"https:\/\/www.marquesdevargas.com\/en\/\",\"name\":\"Bodegas Marqu\u00e9s de Vargas, Rioja, Ribera Duero y R\u00edas Baixas\",\"description\":\"\",\"publisher\":{\"@id\":\"https:\/\/www.marquesdevargas.com\/en\/#organization\"},\"potentialAction\":[{\"@type\":\"SearchAction\",\"target\":{\"@type\":\"EntryPoint\",\"urlTemplate\":\"https:\/\/www.marquesdevargas.com\/en\/?s={search_term_string}\"},\"query-input\":\"required name=search_term_string\"}],\"inLanguage\":\"es\"},{\"@type\":\"Organization\",\"@id\":\"https:\/\/www.marquesdevargas.com\/en\/#organization\",\"name\":\"Bodegas Marqu\u00e9s de Vargas, Rioja, Ribera Duero y R\u00edas Baixas\",\"url\":\"https:\/\/www.marquesdevargas.com\/en\/\",\"logo\":{\"@type\":\"ImageObject\",\"inLanguage\":\"es\",\"@id\":\"https:\/\/www.marquesdevargas.com\/en\/#\/schema\/logo\/image\/\",\"url\":\"https:\/\/www.marquesdevargas.com\/wp-content\/uploads\/2021\/01\/marques-de-vargas-logo.png\",\"contentUrl\":\"https:\/\/www.marquesdevargas.com\/wp-content\/uploads\/2021\/01\/marques-de-vargas-logo.png\",\"width\":97,\"height\":50,\"caption\":\"Bodegas Marqu\u00e9s de Vargas, Rioja, Ribera Duero y R\u00edas Baixas\"},\"image\":{\"@id\":\"https:\/\/www.marquesdevargas.com\/en\/#\/schema\/logo\/image\/\"}}]}<\/script>\n<!-- \/ Yoast SEO plugin. -->","yoast_head_json":{"title":"Pol\u00edtica de Privacidad - Bodegas Marqu\u00e9s de Vargas, Rioja, Ribera Duero y R\u00edas Baixas","robots":{"index":"index","follow":"follow","max-snippet":"max-snippet:-1","max-image-preview":"max-image-preview:large","max-video-preview":"max-video-preview:-1"},"canonical":"https:\/\/www.marquesdevargas.com\/es\/politica-privacidad\/","og_locale":"es_ES","og_type":"article","og_title":"Pol\u00edtica de Privacidad - Bodegas Marqu\u00e9s de Vargas, Rioja, Ribera Duero y R\u00edas Baixas","og_description":"En&nbsp;Grupo Vin\u00edcola Marqu\u00e9s de Vargas, S.L.&nbsp;sabemos lo importante que es tu privacidad y por ello nos preocupamos por tratar tus datos personales de manera leal, l\u00edcita y transparente. A trav\u00e9s [&hellip;]","og_url":"https:\/\/www.marquesdevargas.com\/es\/politica-privacidad\/","og_site_name":"Bodegas Marqu\u00e9s de Vargas, Rioja, Ribera Duero y R\u00edas Baixas","article_modified_time":"2025-03-11T19:22:46+00:00","twitter_card":"summary_large_image","twitter_misc":{"Tiempo de lectura":"7 minutos"},"schema":{"@context":"https:\/\/schema.org","@graph":[{"@type":"WebPage","@id":"https:\/\/www.marquesdevargas.com\/es\/politica-privacidad\/","url":"https:\/\/www.marquesdevargas.com\/es\/politica-privacidad\/","name":"Pol\u00edtica de Privacidad - Bodegas Marqu\u00e9s de Vargas, Rioja, Ribera Duero y R\u00edas Baixas","isPartOf":{"@id":"https:\/\/www.marquesdevargas.com\/en\/#website"},"datePublished":"2019-12-24T11:56:05+00:00","dateModified":"2025-03-11T19:22:46+00:00","breadcrumb":{"@id":"https:\/\/www.marquesdevargas.com\/es\/politica-privacidad\/#breadcrumb"},"inLanguage":"es","potentialAction":[{"@type":"ReadAction","target":["https:\/\/www.marquesdevargas.com\/es\/politica-privacidad\/"]}]},{"@type":"BreadcrumbList","@id":"https:\/\/www.marquesdevargas.com\/es\/politica-privacidad\/#breadcrumb","itemListElement":[{"@type":"ListItem","position":1,"name":"Portada","item":"https:\/\/www.marquesdevargas.com\/es\/"},{"@type":"ListItem","position":2,"name":"Pol\u00edtica de Privacidad"}]},{"@type":"WebSite","@id":"https:\/\/www.marquesdevargas.com\/en\/#website","url":"https:\/\/www.marquesdevargas.com\/en\/","name":"Bodegas Marqu\u00e9s de Vargas, Rioja, Ribera Duero y R\u00edas Baixas","description":"","publisher":{"@id":"https:\/\/www.marquesdevargas.com\/en\/#organization"},"potentialAction":[{"@type":"SearchAction","target":{"@type":"EntryPoint","urlTemplate":"https:\/\/www.marquesdevargas.com\/en\/?s={search_term_string}"},"query-input":"required name=search_term_string"}],"inLanguage":"es"},{"@type":"Organization","@id":"https:\/\/www.marquesdevargas.com\/en\/#organization","name":"Bodegas Marqu\u00e9s de Vargas, Rioja, Ribera Duero y R\u00edas Baixas","url":"https:\/\/www.marquesdevargas.com\/en\/","logo":{"@type":"ImageObject","inLanguage":"es","@id":"https:\/\/www.marquesdevargas.com\/en\/#\/schema\/logo\/image\/","url":"https:\/\/www.marquesdevargas.com\/wp-content\/uploads\/2021\/01\/marques-de-vargas-logo.png","contentUrl":"https:\/\/www.marquesdevargas.com\/wp-content\/uploads\/2021\/01\/marques-de-vargas-logo.png","width":97,"height":50,"caption":"Bodegas Marqu\u00e9s de Vargas, Rioja, Ribera Duero y R\u00edas Baixas"},"image":{"@id":"https:\/\/www.marquesdevargas.com\/en\/#\/schema\/logo\/image\/"}}]}},"_links":{"self":[{"href":"https:\/\/www.marquesdevargas.com\/es\/wp-json\/wp\/v2\/pages\/3"}],"collection":[{"href":"https:\/\/www.marquesdevargas.com\/es\/wp-json\/wp\/v2\/pages"}],"about":[{"href":"https:\/\/www.marquesdevargas.com\/es\/wp-json\/wp\/v2\/types\/page"}],"author":[{"embeddable":true,"href":"https:\/\/www.marquesdevargas.com\/es\/wp-json\/wp\/v2\/users\/5"}],"replies":[{"embeddable":true,"href":"https:\/\/www.marquesdevargas.com\/es\/wp-json\/wp\/v2\/comments?post=3"}],"version-history":[{"count":7,"href":"https:\/\/www.marquesdevargas.com\/es\/wp-json\/wp\/v2\/pages\/3\/revisions"}],"predecessor-version":[{"id":1629,"href":"https:\/\/www.marquesdevargas.com\/es\/wp-json\/wp\/v2\/pages\/3\/revisions\/1629"}],"wp:attachment":[{"href":"https:\/\/www.marquesdevargas.com\/es\/wp-json\/wp\/v2\/media?parent=3"}],"curies":[{"name":"wp","href":"https:\/\/api.w.org\/{rel}","templated":true}]}}