{"id":1202,"date":"2022-02-11T15:00:15","date_gmt":"2022-02-11T14:00:15","guid":{"rendered":"http:\/\/marquesdevargasnuevo.com.mialias.net\/?page_id=1202"},"modified":"2025-03-12T08:54:07","modified_gmt":"2025-03-12T07:54:07","slug":"politica-de-cookies","status":"publish","type":"page","link":"https:\/\/www.marquesdevargas.com\/es\/politica-de-cookies\/","title":{"rendered":"Pol\u00edtica de cookies"},"content":{"rendered":"\n<p>A continuaci\u00f3n, mostramos informaci\u00f3n sobre qu\u00e9 son las \u201ccookies\u201d y su uso en esta web. Si necesita cualquier informaci\u00f3n adicional o aclaraci\u00f3n sobre lo aqu\u00ed dispuesto, le rogamos nos escriba a&nbsp;<a href=\"mailto:info.rgpd@varma.com\">info.rgpd@varma.com<\/a>&nbsp;<\/p>\n\n\n\n<p>www.<a href=\"https:\/\/marquesdevargas.com\/\">marquesdevargas.com<\/a> &nbsp;as\u00ed como todos los subdominios de este sitio web, son propiedad de Grupo Vin\u00edcola Marqu\u00e9s de Vargas S.L. (en adelante \u201cLA EMPRESA\u201d) con NIF B26114868 y con domicilio fiscal en Carretera Zaragoza Km.6 26006, Logro\u00f1o.<\/p>\n\n\n\n<h3 class=\"wp-block-heading\"><strong><strong>\u00bfQu\u00e9 son las cookies?<\/strong><\/strong><\/h3>\n\n\n\n<p>Una cookie es un fichero que se descarga en un dispositivo inform\u00e1tico (ordenador\/smartphone\/tablet) al acceder a p\u00e1ginas web para almacenar y recuperar informaci\u00f3n sobre la navegaci\u00f3n realizada desde dicho dispositivo. Pr\u00e1cticamente todas las p\u00e1ginas Web, independientemente del servicio que presten, utilizan cookies, es decir, guardan una informaci\u00f3n m\u00ednima de la utilizaci\u00f3n realizada por el usuario en la p\u00e1gina Web. www.barcelobytheface.com \u00fanicamente instalar\u00e1 cookies en su dispositivo en caso de que usted preste su consentimiento. En caso de que no acepte su uso, es posible que diversas funcionalidades de la web no est\u00e9n disponibles. Esta p\u00e1gina web utiliza cookies propias y de terceros<\/p>\n\n\n\n<h3 class=\"wp-block-heading\"><strong><strong>Deber de informar u de obtener consentimiento en relaci\u00f3n con el uso de cookies<\/strong><\/strong><\/h3>\n\n\n\n<p>Esta web utiliza los siguientes tipos de cookies:<\/p>\n\n\n\n<figure class=\"wp-block-table\"><table><tbody><tr><td><strong>_ga, _gid<\/strong><\/td><td>Cookies de Google Analytics. Recolectan informaci\u00f3n sobre el comportamiento de los usuarios.<\/td><\/tr><tr><td><strong>CONSENT, cookie_notice_accepted, viewed_cookie_policy, wordpress_test_cookie<\/strong><\/td><td>Propias de la pol\u00edtica de cookies y de la comprobaci\u00f3n de edad. Guardan la elecci\u00f3n del usuario para sesiones posteriores.<\/td><\/tr><tr><td><strong>tk_ai, woocommerce_cart_hash, woocommerce_items_in_cart, wp_woocommerce_session<\/strong><\/td><td>Cookies del ecommerce que almacenan la sesi\u00f3n del usuario, as\u00ed como los productos agregados al carro de compra<\/td><\/tr><tr><td><strong>wordpress_logged_in, wordpress_sec, wp-settings<\/strong><\/td><td>Almacenan las elecciones del usuario en el entorno WordPress<\/td><\/tr><\/tbody><\/table><\/figure>\n\n\n\n<h3 class=\"wp-block-heading\"><strong><strong>\u00bfPara qu\u00e9 utilizamos las cookies?<\/strong><\/strong><\/h3>\n\n\n\n<p>Adem\u00e1s de lo se\u00f1alado en el punto anterior, LA EMPRESA utiliza cookies estrictamente necesarias y esenciales para que utilices nuestro sitio web y proporcionarte opciones personalizadas y un acceso m\u00e1s r\u00e1pido a la informaci\u00f3n que buscas.<\/p>\n\n\n\n<p>Nuestro sitio tambi\u00e9n puede tener enlaces de redes sociales, en cuyo caso LA EMPRESA no controla las cookies utilizadas por estas Web externas. Para m\u00e1s informaci\u00f3n sobre las cookies de las redes sociales u otras Webs ajenas, aconsejamos revisar sus propias pol\u00edticas de cookies.<\/p>\n\n\n\n<p>Algunas de nuestras cookies se utilizan para generar informaci\u00f3n en redes de terceros.<\/p>\n\n\n\n<h3 class=\"wp-block-heading\"><strong><strong>\u00bfQu\u00e9 uso le damos a los diferentes tipos de cookies?<\/strong><\/strong><\/h3>\n\n\n\n<p>Seg\u00fan su finalidad<\/p>\n\n\n\n<p><strong>Cookies T\u00e9cnicas:<\/strong><\/p>\n\n\n\n<p>Las cookies t\u00e9cnicas son aquellas estrictamente necesarias para el correcto funcionamiento de una Web y la utilizaci\u00f3n de las diferentes opciones y servicios que ofrece. Se usan para mantener la sesi\u00f3n abierta, optimizaci\u00f3n del tiempo de respuesta, rendimiento o validaci\u00f3n de opciones, utilizar elementos de seguridad, compartir contenido con redes sociales, etc.<\/p>\n\n\n\n<p><strong>Cookies de personalizaci\u00f3n:<\/strong><\/p>\n\n\n\n<p>Permiten al usuario personalizar algunas caracter\u00edsticas de las opciones generales de la p\u00e1gina Web, Por ejemplo, definir el idioma o tipo de navegador.<\/p>\n\n\n\n<p><strong>Cookies anal\u00edticas:<\/strong><\/p>\n\n\n\n<p>Nos ayudan a elaborar perfiles de navegaci\u00f3n y poder conocer las preferencias de los usuarios a la hora de navegar en nuestra Web con el fin de mejorar la oferta de productos y servicios. Por ejemplo, se controlar\u00edan las \u00e1reas geogr\u00e1ficas de mayor inter\u00e9s de un usuario o los productos que m\u00e1s visita.<\/p>\n\n\n\n<p><strong>Cookies de publicidad:<\/strong><\/p>\n\n\n\n<p>Las cookies publicitarias permiten la gesti\u00f3n de los espacios publicitarios en base a criterios como la frecuencia de acceso a la web, las secciones visitadas, etc.<\/p>\n\n\n\n<p>Las cookies de publicidad permiten almacenar informaci\u00f3n del comportamiento a trav\u00e9s de la observaci\u00f3n de h\u00e1bitos, estudiando los accesos y formando un perfil de preferencias del usuario, para ofrecerle publicidad relacionada con los intereses de su perfil.<\/p>\n\n\n\n<h3 class=\"wp-block-heading\"><strong><strong>\u00bfQu\u00e9 supone aceptar nuestra Pol\u00edtica de cookies?<\/strong><\/strong><\/h3>\n\n\n\n<p>Con ello permites ofrecerte un acceso \u00f3ptimo y darle un servicio m\u00e1s eficaz y personalizado de acuerdo con tu uso habitual de nuestra web.<\/p>\n\n\n\n<p>LA EMPRESA demuestra el compromiso adquirido con la legislaci\u00f3n vigente proporcion\u00e1ndote informaci\u00f3n sobre las cookies que utilizamos y por qu\u00e9 lo hacemos. Con esto, pretendemos proporcionarte transparencia en cuanto a los datos tratados acerca de la navegaci\u00f3n realizada desde tu equipo en nuestra Web.<\/p>\n\n\n\n<h3 class=\"wp-block-heading\"><strong><strong>Configuraci\u00f3n de su equipo para desactivar la instalaci\u00f3n de las cookies<\/strong><\/strong><\/h3>\n\n\n\n<p>Puedes configurar tu navegador para establecer que s\u00f3lo los sitios Web de confianza o las p\u00e1ginas por las que est\u00e1s navegando en este momento puedan gestionar cookies lo que te permite seleccionar sus preferencias.<\/p>\n\n\n\n<p>En primer lugar, le informamos de que si desactiva la instalaci\u00f3n de cookies es su equipo es posible que algunas funcionalidades de este sitio web no est\u00e9n disponibles.<\/p>\n\n\n\n<p>A continuaci\u00f3n, le facilitamos enlaces a instrucciones para desactivar o configurar la instalaci\u00f3n de cookies en su equipo en los distintos navegadores m\u00e1s habituales:<\/p>\n\n\n\n<ul>\n<li><strong>Mozilla Firefox<\/strong>:&nbsp;<a href=\"https:\/\/support.mozilla.org\/es\/kb\/habilitar-y-deshabilitar-cookies-que-los-sitios-web\">https:\/\/support.mozilla.org\/es\/kb\/habilitar-y-deshabilitar-cookies-que-los-sitios-web<\/a><\/li>\n\n\n\n<li><strong>Google Chrome<\/strong>:&nbsp;<a href=\"https:\/\/support.google.com\/chrome\/answer\/95647?hl=es\">https:\/\/support.google.com\/chrome\/answer\/95647?hl=es<\/a><\/li>\n\n\n\n<li><strong>Internet Explorer<\/strong>:&nbsp;<a href=\"http:\/\/windows.microsoft.com\/es-xl\/internet-explorer\/delete-manage-cookies#ie=ie-11\">http:\/\/windows.microsoft.com\/es-xl\/internet-explorer\/delete-manage-cookies#ie=ie-11<\/a><\/li>\n\n\n\n<li><strong>Safari<\/strong>:&nbsp;<a href=\"http:\/\/support.apple.com\/kb\/ph5042\">http:\/\/support.apple.com\/kb\/ph5042<\/a><\/li>\n\n\n\n<li><strong>Opera<\/strong>:&nbsp;<a href=\"http:\/\/help.opera.com\/Windows\/11.50\/es-ES\/cookies.html\">http:\/\/help.opera.com\/Windows\/11.50\/es-ES\/cookies.html<\/a><\/li>\n<\/ul>\n\n\n\n<p>En resumen, el anonimato es seguro. Ese es nuestro compromiso personal para usted como usuario o usuaria de nuestro sitio web.<\/p>\n\n\n\n<p>Si est\u00e1s de acuerdo con la pol\u00edtica de cookies de este web haz click en ACEPTAR en el mensaje que aparece al entrar en nuestra p\u00e1gina.<\/p>\n\n\n\n<h3 class=\"wp-block-heading\"><strong><strong><strong>Actualizaci\u00f3n de la Pol\u00edtica de cookies<\/strong><\/strong><\/strong><\/h3>\n\n\n\n<p>Grupo Vin\u00edcola Marqu\u00e9s de Vargas puede modificar esta Pol\u00edtica de cookies en funci\u00f3n de exigencias legislativas, reglamentarias, o con la finalidad de adaptar dicha pol\u00edtica a las instrucciones dictadas por la Agencia Espa\u00f1ola de Protecci\u00f3n de Datos, por ello se aconseja a los usuarios que la visiten peri\u00f3dicamente. Cuando se produzcan cambios significativos en esta Pol\u00edtica de cookies, se comunicar\u00e1 a los usuarios bien mediante la web o a trav\u00e9s de correo electr\u00f3nico a los usuarios registrados<\/p>\n\n\n\n<h3 class=\"wp-block-heading\"><strong><strong><strong>M\u00e1s informaci\u00f3n<\/strong><\/strong><\/strong><\/h3>\n\n\n\n<p>Si tienes cualquier pregunta sobre c\u00f3mo usamos las cookies, y no est\u00e1 contestada en \u00e9sta pol\u00edtica, por favor m\u00e1ndenos tus comentarios a trav\u00e9s del correo electr\u00f3nico<a href=\"mailto:info.rgpd@varma.com\">info.rgpd@varma.com<\/a>\u00a0\u00a0<\/p>\n","protected":false},"excerpt":{"rendered":"<p>A continuaci\u00f3n, mostramos informaci\u00f3n sobre qu\u00e9 son las \u201ccookies\u201d y su uso en esta web. Si necesita cualquier informaci\u00f3n adicional o aclaraci\u00f3n sobre lo aqu\u00ed dispuesto, le rogamos nos escriba [&hellip;]<\/p>\n","protected":false},"author":5,"featured_media":0,"parent":0,"menu_order":0,"comment_status":"closed","ping_status":"closed","template":"","meta":{"_genesis_hide_title":false,"_genesis_hide_breadcrumbs":false,"_genesis_hide_singular_image":false,"_genesis_hide_footer_widgets":false,"_genesis_custom_body_class":"","_genesis_custom_post_class":"","_genesis_layout":"full-width-content","footnotes":""},"acf":[],"yoast_head":"<!-- This site is optimized with the Yoast SEO plugin v21.8 - https:\/\/yoast.com\/wordpress\/plugins\/seo\/ -->\n<title>Pol\u00edtica de cookies - Bodegas Marqu\u00e9s de Vargas, Rioja, Ribera Duero y R\u00edas Baixas<\/title>\n<meta name=\"robots\" content=\"index, follow, max-snippet:-1, max-image-preview:large, max-video-preview:-1\" \/>\n<link rel=\"canonical\" href=\"https:\/\/www.marquesdevargas.com\/es\/politica-de-cookies\/\" \/>\n<meta property=\"og:locale\" content=\"es_ES\" \/>\n<meta property=\"og:type\" content=\"article\" \/>\n<meta property=\"og:title\" content=\"Pol\u00edtica de cookies - Bodegas Marqu\u00e9s de Vargas, Rioja, Ribera Duero y R\u00edas Baixas\" \/>\n<meta property=\"og:description\" content=\"A continuaci\u00f3n, mostramos informaci\u00f3n sobre qu\u00e9 son las \u201ccookies\u201d y su uso en esta web. Si necesita cualquier informaci\u00f3n adicional o aclaraci\u00f3n sobre lo aqu\u00ed dispuesto, le rogamos nos escriba [&hellip;]\" \/>\n<meta property=\"og:url\" content=\"https:\/\/www.marquesdevargas.com\/es\/politica-de-cookies\/\" \/>\n<meta property=\"og:site_name\" content=\"Bodegas Marqu\u00e9s de Vargas, Rioja, Ribera Duero y R\u00edas Baixas\" \/>\n<meta property=\"article:modified_time\" content=\"2025-03-12T07:54:07+00:00\" \/>\n<meta name=\"twitter:card\" content=\"summary_large_image\" \/>\n<meta name=\"twitter:label1\" content=\"Tiempo de lectura\" \/>\n\t<meta name=\"twitter:data1\" content=\"5 minutos\" \/>\n<script type=\"application\/ld+json\" class=\"yoast-schema-graph\">{\"@context\":\"https:\/\/schema.org\",\"@graph\":[{\"@type\":\"WebPage\",\"@id\":\"https:\/\/www.marquesdevargas.com\/es\/politica-de-cookies\/\",\"url\":\"https:\/\/www.marquesdevargas.com\/es\/politica-de-cookies\/\",\"name\":\"Pol\u00edtica de cookies - Bodegas Marqu\u00e9s de Vargas, Rioja, Ribera Duero y R\u00edas Baixas\",\"isPartOf\":{\"@id\":\"https:\/\/www.marquesdevargas.com\/en\/#website\"},\"datePublished\":\"2022-02-11T14:00:15+00:00\",\"dateModified\":\"2025-03-12T07:54:07+00:00\",\"breadcrumb\":{\"@id\":\"https:\/\/www.marquesdevargas.com\/es\/politica-de-cookies\/#breadcrumb\"},\"inLanguage\":\"es\",\"potentialAction\":[{\"@type\":\"ReadAction\",\"target\":[\"https:\/\/www.marquesdevargas.com\/es\/politica-de-cookies\/\"]}]},{\"@type\":\"BreadcrumbList\",\"@id\":\"https:\/\/www.marquesdevargas.com\/es\/politica-de-cookies\/#breadcrumb\",\"itemListElement\":[{\"@type\":\"ListItem\",\"position\":1,\"name\":\"Portada\",\"item\":\"https:\/\/www.marquesdevargas.com\/es\/\"},{\"@type\":\"ListItem\",\"position\":2,\"name\":\"Pol\u00edtica de cookies\"}]},{\"@type\":\"WebSite\",\"@id\":\"https:\/\/www.marquesdevargas.com\/en\/#website\",\"url\":\"https:\/\/www.marquesdevargas.com\/en\/\",\"name\":\"Bodegas Marqu\u00e9s de Vargas, Rioja, Ribera Duero y R\u00edas Baixas\",\"description\":\"\",\"publisher\":{\"@id\":\"https:\/\/www.marquesdevargas.com\/en\/#organization\"},\"potentialAction\":[{\"@type\":\"SearchAction\",\"target\":{\"@type\":\"EntryPoint\",\"urlTemplate\":\"https:\/\/www.marquesdevargas.com\/en\/?s={search_term_string}\"},\"query-input\":\"required name=search_term_string\"}],\"inLanguage\":\"es\"},{\"@type\":\"Organization\",\"@id\":\"https:\/\/www.marquesdevargas.com\/en\/#organization\",\"name\":\"Bodegas Marqu\u00e9s de Vargas, Rioja, Ribera Duero y R\u00edas Baixas\",\"url\":\"https:\/\/www.marquesdevargas.com\/en\/\",\"logo\":{\"@type\":\"ImageObject\",\"inLanguage\":\"es\",\"@id\":\"https:\/\/www.marquesdevargas.com\/en\/#\/schema\/logo\/image\/\",\"url\":\"https:\/\/www.marquesdevargas.com\/wp-content\/uploads\/2021\/01\/marques-de-vargas-logo.png\",\"contentUrl\":\"https:\/\/www.marquesdevargas.com\/wp-content\/uploads\/2021\/01\/marques-de-vargas-logo.png\",\"width\":97,\"height\":50,\"caption\":\"Bodegas Marqu\u00e9s de Vargas, Rioja, Ribera Duero y R\u00edas Baixas\"},\"image\":{\"@id\":\"https:\/\/www.marquesdevargas.com\/en\/#\/schema\/logo\/image\/\"}}]}<\/script>\n<!-- \/ Yoast SEO plugin. -->","yoast_head_json":{"title":"Pol\u00edtica de cookies - Bodegas Marqu\u00e9s de Vargas, Rioja, Ribera Duero y R\u00edas Baixas","robots":{"index":"index","follow":"follow","max-snippet":"max-snippet:-1","max-image-preview":"max-image-preview:large","max-video-preview":"max-video-preview:-1"},"canonical":"https:\/\/www.marquesdevargas.com\/es\/politica-de-cookies\/","og_locale":"es_ES","og_type":"article","og_title":"Pol\u00edtica de cookies - Bodegas Marqu\u00e9s de Vargas, Rioja, Ribera Duero y R\u00edas Baixas","og_description":"A continuaci\u00f3n, mostramos informaci\u00f3n sobre qu\u00e9 son las \u201ccookies\u201d y su uso en esta web. Si necesita cualquier informaci\u00f3n adicional o aclaraci\u00f3n sobre lo aqu\u00ed dispuesto, le rogamos nos escriba [&hellip;]","og_url":"https:\/\/www.marquesdevargas.com\/es\/politica-de-cookies\/","og_site_name":"Bodegas Marqu\u00e9s de Vargas, Rioja, Ribera Duero y R\u00edas Baixas","article_modified_time":"2025-03-12T07:54:07+00:00","twitter_card":"summary_large_image","twitter_misc":{"Tiempo de lectura":"5 minutos"},"schema":{"@context":"https:\/\/schema.org","@graph":[{"@type":"WebPage","@id":"https:\/\/www.marquesdevargas.com\/es\/politica-de-cookies\/","url":"https:\/\/www.marquesdevargas.com\/es\/politica-de-cookies\/","name":"Pol\u00edtica de cookies - Bodegas Marqu\u00e9s de Vargas, Rioja, Ribera Duero y R\u00edas Baixas","isPartOf":{"@id":"https:\/\/www.marquesdevargas.com\/en\/#website"},"datePublished":"2022-02-11T14:00:15+00:00","dateModified":"2025-03-12T07:54:07+00:00","breadcrumb":{"@id":"https:\/\/www.marquesdevargas.com\/es\/politica-de-cookies\/#breadcrumb"},"inLanguage":"es","potentialAction":[{"@type":"ReadAction","target":["https:\/\/www.marquesdevargas.com\/es\/politica-de-cookies\/"]}]},{"@type":"BreadcrumbList","@id":"https:\/\/www.marquesdevargas.com\/es\/politica-de-cookies\/#breadcrumb","itemListElement":[{"@type":"ListItem","position":1,"name":"Portada","item":"https:\/\/www.marquesdevargas.com\/es\/"},{"@type":"ListItem","position":2,"name":"Pol\u00edtica de cookies"}]},{"@type":"WebSite","@id":"https:\/\/www.marquesdevargas.com\/en\/#website","url":"https:\/\/www.marquesdevargas.com\/en\/","name":"Bodegas Marqu\u00e9s de Vargas, Rioja, Ribera Duero y R\u00edas Baixas","description":"","publisher":{"@id":"https:\/\/www.marquesdevargas.com\/en\/#organization"},"potentialAction":[{"@type":"SearchAction","target":{"@type":"EntryPoint","urlTemplate":"https:\/\/www.marquesdevargas.com\/en\/?s={search_term_string}"},"query-input":"required name=search_term_string"}],"inLanguage":"es"},{"@type":"Organization","@id":"https:\/\/www.marquesdevargas.com\/en\/#organization","name":"Bodegas Marqu\u00e9s de Vargas, Rioja, Ribera Duero y R\u00edas Baixas","url":"https:\/\/www.marquesdevargas.com\/en\/","logo":{"@type":"ImageObject","inLanguage":"es","@id":"https:\/\/www.marquesdevargas.com\/en\/#\/schema\/logo\/image\/","url":"https:\/\/www.marquesdevargas.com\/wp-content\/uploads\/2021\/01\/marques-de-vargas-logo.png","contentUrl":"https:\/\/www.marquesdevargas.com\/wp-content\/uploads\/2021\/01\/marques-de-vargas-logo.png","width":97,"height":50,"caption":"Bodegas Marqu\u00e9s de Vargas, Rioja, Ribera Duero y R\u00edas Baixas"},"image":{"@id":"https:\/\/www.marquesdevargas.com\/en\/#\/schema\/logo\/image\/"}}]}},"_links":{"self":[{"href":"https:\/\/www.marquesdevargas.com\/es\/wp-json\/wp\/v2\/pages\/1202"}],"collection":[{"href":"https:\/\/www.marquesdevargas.com\/es\/wp-json\/wp\/v2\/pages"}],"about":[{"href":"https:\/\/www.marquesdevargas.com\/es\/wp-json\/wp\/v2\/types\/page"}],"author":[{"embeddable":true,"href":"https:\/\/www.marquesdevargas.com\/es\/wp-json\/wp\/v2\/users\/5"}],"replies":[{"embeddable":true,"href":"https:\/\/www.marquesdevargas.com\/es\/wp-json\/wp\/v2\/comments?post=1202"}],"version-history":[{"count":4,"href":"https:\/\/www.marquesdevargas.com\/es\/wp-json\/wp\/v2\/pages\/1202\/revisions"}],"predecessor-version":[{"id":1633,"href":"https:\/\/www.marquesdevargas.com\/es\/wp-json\/wp\/v2\/pages\/1202\/revisions\/1633"}],"wp:attachment":[{"href":"https:\/\/www.marquesdevargas.com\/es\/wp-json\/wp\/v2\/media?parent=1202"}],"curies":[{"name":"wp","href":"https:\/\/api.w.org\/{rel}","templated":true}]}}